{"id":8457,"date":"2022-05-12T10:22:01","date_gmt":"2022-05-12T08:22:01","guid":{"rendered":"http:\/\/ospitalea.fr\/?page_id=8457"},"modified":"2022-05-12T10:22:30","modified_gmt":"2022-05-12T08:22:30","slug":"street-art-eta-onarpena","status":"publish","type":"page","link":"https:\/\/ospitalea.fr\/eu\/aurkitu-ezazu\/erakusketak\/street-art-eta-onarpena\/","title":{"rendered":"Street art eta onarpena"},"content":{"rendered":"\t\t<div data-elementor-type=\"wp-page\" data-elementor-id=\"8457\" class=\"elementor elementor-8457 elementor-5331\">\n\t\t\t\t\t\t<section class=\"elementor-section elementor-top-section elementor-element elementor-element-a20ae3f elementor-section-boxed elementor-section-height-default elementor-section-height-default\" data-id=\"a20ae3f\" data-element_type=\"section\" data-settings=\"{&quot;background_background&quot;:&quot;classic&quot;}\">\n\t\t\t\t\t\t<div class=\"elementor-container elementor-column-gap-default\">\n\t\t\t\t\t<div class=\"elementor-column elementor-col-100 elementor-top-column elementor-element elementor-element-d024af9\" data-id=\"d024af9\" data-element_type=\"column\">\n\t\t\t<div class=\"elementor-widget-wrap elementor-element-populated\">\n\t\t\t\t\t\t<div class=\"elementor-element elementor-element-3321dec elementor-widget elementor-widget-heading\" data-id=\"3321dec\" data-element_type=\"widget\" data-widget_type=\"heading.default\">\n\t\t\t\t<div class=\"elementor-widget-container\">\n\t\t\t<h1 class=\"elementor-heading-title elementor-size-default\">H\u00e9ritage, Street-art &amp; Patrimoine<\/h1>\t\t<\/div>\n\t\t\t\t<\/div>\n\t\t\t\t<div class=\"elementor-element elementor-element-bce8ef3 elementor-widget-divider--view-line elementor-widget elementor-widget-divider\" data-id=\"bce8ef3\" data-element_type=\"widget\" data-widget_type=\"divider.default\">\n\t\t\t\t<div class=\"elementor-widget-container\">\n\t\t\t\t\t<div class=\"elementor-divider\">\n\t\t\t<span class=\"elementor-divider-separator\">\n\t\t\t\t\t\t<\/span>\n\t\t<\/div>\n\t\t\t\t<\/div>\n\t\t\t\t<\/div>\n\t\t\t\t<div class=\"elementor-element elementor-element-51846a6 elementor-widget elementor-widget-text-editor\" data-id=\"51846a6\" data-element_type=\"widget\" data-widget_type=\"text-editor.default\">\n\t\t\t\t<div class=\"elementor-widget-container\">\n\t\t\t\t\t\t\t<p>Le Centre D\u00e9partemental d\u2019\u00c9ducation au Patrimoine Ospitalea \u00e0 Irissarry vous propose <strong>une rencontre inattendue entre street-art et patrimoine, urbain et rural, artistes et habitants<\/strong>.<br \/>Ospitalea, accompagn\u00e9 par le centre d&#8217;art Spacejunk de Bayonne, a donn\u00e9 carte blanche au duo d\u2019artistes Sismikazot pour pr\u00e9senter leur vision du village et de ses habitants.<\/p>\t\t\t\t\t\t<\/div>\n\t\t\t\t<\/div>\n\t\t\t\t\t<\/div>\n\t\t<\/div>\n\t\t\t\t\t<\/div>\n\t\t<\/section>\n\t\t\t\t<section class=\"elementor-section elementor-top-section elementor-element elementor-element-16bbdb4 elementor-section-boxed elementor-section-height-default elementor-section-height-default\" data-id=\"16bbdb4\" data-element_type=\"section\">\n\t\t\t\t\t\t<div class=\"elementor-container elementor-column-gap-default\">\n\t\t\t\t\t<div class=\"elementor-column elementor-col-33 elementor-top-column elementor-element elementor-element-679cac2\" data-id=\"679cac2\" data-element_type=\"column\" data-settings=\"{&quot;background_background&quot;:&quot;classic&quot;}\">\n\t\t\t<div class=\"elementor-widget-wrap elementor-element-populated\">\n\t\t\t\t\t\t<div class=\"elementor-element elementor-element-96a8b5c elementor-widget elementor-widget-image\" data-id=\"96a8b5c\" data-element_type=\"widget\" data-widget_type=\"image.default\">\n\t\t\t\t<div class=\"elementor-widget-container\">\n\t\t\t\t\t\t\t\t\t\t\t\t\t\t<a href=\"http:\/\/ospitalea.fr\/accueil\/decouvrez\/expositions\/exposition-en-cours\/street-art-et-patrimoine\/\">\n\t\t\t\t\t\t\t<img fetchpriority=\"high\" decoding=\"async\" width=\"800\" height=\"549\" src=\"https:\/\/ospitalea.fr\/wp-content\/uploads\/sites\/5\/2021\/07\/heritage-1024x703.jpg\" class=\"attachment-large size-large wp-image-7074\" alt=\"Exposition Heritage Street-Art a Ospitalea Commanderie Irissarry au Pays basque\" srcset=\"https:\/\/ospitalea.fr\/wp-content\/uploads\/sites\/5\/2021\/07\/heritage-1024x703.jpg 1024w, https:\/\/ospitalea.fr\/wp-content\/uploads\/sites\/5\/2021\/07\/heritage-300x206.jpg 300w, https:\/\/ospitalea.fr\/wp-content\/uploads\/sites\/5\/2021\/07\/heritage-768x527.jpg 768w, https:\/\/ospitalea.fr\/wp-content\/uploads\/sites\/5\/2021\/07\/heritage.jpg 1260w\" sizes=\"(max-width: 800px) 100vw, 800px\" \/>\t\t\t\t\t\t\t\t<\/a>\n\t\t\t\t\t\t\t\t\t\t\t\t\t<\/div>\n\t\t\t\t<\/div>\n\t\t\t\t\t<\/div>\n\t\t<\/div>\n\t\t\t\t<div class=\"elementor-column elementor-col-66 elementor-top-column elementor-element elementor-element-b26abcb\" data-id=\"b26abcb\" data-element_type=\"column\">\n\t\t\t<div class=\"elementor-widget-wrap elementor-element-populated\">\n\t\t\t\t\t\t<div class=\"elementor-element elementor-element-6afb7cd elementor-widget elementor-widget-text-editor\" data-id=\"6afb7cd\" data-element_type=\"widget\" data-widget_type=\"text-editor.default\">\n\t\t\t\t<div class=\"elementor-widget-container\">\n\t\t\t\t\t\t\t<h3 style=\"text-align: left;\">avec le duo Sismikazot<\/h3><p><strong><span style=\"color: #f2c344;\">&#8211; dates : du 4 ao\u00fbt au 6 novembre 2021 &#8211;<\/span><\/strong><\/p>\t\t\t\t\t\t<\/div>\n\t\t\t\t<\/div>\n\t\t\t\t<div class=\"elementor-element elementor-element-3798c7c elementor-widget elementor-widget-text-editor\" data-id=\"3798c7c\" data-element_type=\"widget\" data-widget_type=\"text-editor.default\">\n\t\t\t\t<div class=\"elementor-widget-container\">\n\t\t\t\t\t\t\t<p>Passionn\u00e9 depuis plus de dix ans, le duo, compos\u00e9 de <strong>R\u00e9mi TOURNIER et Paul SOQUET- MOREAU<\/strong>, traverse le pays de long en large \u00e0 la rencontre des hommes, des femmes et des enfants qui les inspirent pour cr\u00e9er des fresques percutantes, sinc\u00e8res et emplies d\u2019\u00e9motions. Leur travail m\u00eale \u00e0 merveille art figuratif, abstrait et \u00e9criture.<\/p>\t\t\t\t\t\t<\/div>\n\t\t\t\t<\/div>\n\t\t\t\t\t<\/div>\n\t\t<\/div>\n\t\t\t\t\t<\/div>\n\t\t<\/section>\n\t\t\t\t<section class=\"elementor-section elementor-top-section elementor-element elementor-element-35e85cb elementor-section-boxed elementor-section-height-default elementor-section-height-default\" data-id=\"35e85cb\" data-element_type=\"section\">\n\t\t\t\t\t\t<div class=\"elementor-container elementor-column-gap-default\">\n\t\t\t\t\t<div class=\"elementor-column elementor-col-100 elementor-top-column elementor-element elementor-element-eaef70e\" data-id=\"eaef70e\" data-element_type=\"column\">\n\t\t\t<div class=\"elementor-widget-wrap elementor-element-populated\">\n\t\t\t\t\t\t<div class=\"elementor-element elementor-element-8f86c4a elementor-widget elementor-widget-image\" data-id=\"8f86c4a\" data-element_type=\"widget\" data-widget_type=\"image.default\">\n\t\t\t\t<div class=\"elementor-widget-container\">\n\t\t\t\t\t\t\t\t\t\t\t\t\t<img decoding=\"async\" width=\"605\" height=\"270\" src=\"https:\/\/ospitalea.fr\/wp-content\/uploads\/sites\/5\/2021\/07\/ospitaleaenfantsstreetart.jpg\" class=\"attachment-large size-large wp-image-7012\" alt=\"Exposition Heritage Street-Art dans le village Irissarry au Pays basque\" srcset=\"https:\/\/ospitalea.fr\/wp-content\/uploads\/sites\/5\/2021\/07\/ospitaleaenfantsstreetart.jpg 605w, https:\/\/ospitalea.fr\/wp-content\/uploads\/sites\/5\/2021\/07\/ospitaleaenfantsstreetart-300x134.jpg 300w\" sizes=\"(max-width: 605px) 100vw, 605px\" \/>\t\t\t\t\t\t\t\t\t\t\t\t\t<\/div>\n\t\t\t\t<\/div>\n\t\t\t\t<div class=\"elementor-element elementor-element-50835ca elementor-widget elementor-widget-text-editor\" data-id=\"50835ca\" data-element_type=\"widget\" data-widget_type=\"text-editor.default\">\n\t\t\t\t<div class=\"elementor-widget-container\">\n\t\t\t\t\t\t\t<p>Paul et R\u00e9mi ont imagin\u00e9 un parcours de cinq fresques \u00e0 travers le village : \u00ab il y a une sorte de cycle de vie qui intervient. On commence avec les tout-petits (\u00e0 l\u2019\u00e9cole primaire du village), ensuite la jeunesse et le d\u00e9but de la vie d&#8217;adulte (au gymnase), la sc\u00e8ne derri\u00e8re la mairie fait un clin d&#8217;\u0153il \u00e0 la jeunesse mais du point de vue d&#8217;un adulte et enfin, la tapisserie qui parle de toute une vie, des liens familiaux et de plusieurs g\u00e9n\u00e9rations, du temps qui passe \u00bb.<\/p><p>Ainsi, vous suivez le parcours \u00e0 travers la vie des habitants d\u2019Irissarry.<\/p><p><a href=\"http:\/\/ospitalea.fr\/wp-content\/uploads\/sites\/5\/2021\/08\/Depliant-parcours-street-art-hors-les-murs-compressed.pdf\"><span style=\"color: #f2c344;\">T\u00e9l\u00e9charger ici le d\u00e9pliant avec l\u2019itin\u00e9raire\u00a0<\/span><\/a> ou demandez-le \u00e0 l\u2019accueil du site.<\/p>\t\t\t\t\t\t<\/div>\n\t\t\t\t<\/div>\n\t\t\t\t\t<\/div>\n\t\t<\/div>\n\t\t\t\t\t<\/div>\n\t\t<\/section>\n\t\t\t\t<section class=\"elementor-section elementor-top-section elementor-element elementor-element-e386925 elementor-section-boxed elementor-section-height-default elementor-section-height-default\" data-id=\"e386925\" data-element_type=\"section\">\n\t\t\t\t\t\t<div class=\"elementor-container elementor-column-gap-default\">\n\t\t\t\t\t<div class=\"elementor-column elementor-col-50 elementor-top-column elementor-element elementor-element-09e469d\" data-id=\"09e469d\" data-element_type=\"column\" data-settings=\"{&quot;background_background&quot;:&quot;classic&quot;}\">\n\t\t\t<div class=\"elementor-widget-wrap elementor-element-populated\">\n\t\t\t\t\t\t<div class=\"elementor-element elementor-element-58bbccc elementor-widget elementor-widget-image\" data-id=\"58bbccc\" data-element_type=\"widget\" data-widget_type=\"image.default\">\n\t\t\t\t<div class=\"elementor-widget-container\">\n\t\t\t\t\t\t\t\t\t\t\t\t\t<img decoding=\"async\" width=\"440\" height=\"270\" src=\"https:\/\/ospitalea.fr\/wp-content\/uploads\/sites\/5\/2021\/04\/streetartmots440x270.jpg\" class=\"attachment-full size-full wp-image-5339\" alt=\"Exposition Heritage Street-Art dans le village Irissarry au Pays basque\" srcset=\"https:\/\/ospitalea.fr\/wp-content\/uploads\/sites\/5\/2021\/04\/streetartmots440x270.jpg 440w, https:\/\/ospitalea.fr\/wp-content\/uploads\/sites\/5\/2021\/04\/streetartmots440x270-300x184.jpg 300w\" sizes=\"(max-width: 440px) 100vw, 440px\" \/>\t\t\t\t\t\t\t\t\t\t\t\t\t<\/div>\n\t\t\t\t<\/div>\n\t\t\t\t<div class=\"elementor-element elementor-element-3425c4f elementor-widget elementor-widget-image\" data-id=\"3425c4f\" data-element_type=\"widget\" data-widget_type=\"image.default\">\n\t\t\t\t<div class=\"elementor-widget-container\">\n\t\t\t\t\t\t\t\t\t\t\t\t\t<img loading=\"lazy\" decoding=\"async\" width=\"440\" height=\"470\" src=\"https:\/\/ospitalea.fr\/wp-content\/uploads\/sites\/5\/2021\/04\/streetart440x470.jpg\" class=\"attachment-large size-large wp-image-5348\" alt=\"Exposition Heritage Street-Art dans le village Irissarry au Pays basque\" srcset=\"https:\/\/ospitalea.fr\/wp-content\/uploads\/sites\/5\/2021\/04\/streetart440x470.jpg 440w, https:\/\/ospitalea.fr\/wp-content\/uploads\/sites\/5\/2021\/04\/streetart440x470-281x300.jpg 281w\" sizes=\"(max-width: 440px) 100vw, 440px\" \/>\t\t\t\t\t\t\t\t\t\t\t\t\t<\/div>\n\t\t\t\t<\/div>\n\t\t\t\t\t<\/div>\n\t\t<\/div>\n\t\t\t\t<div class=\"elementor-column elementor-col-50 elementor-top-column elementor-element elementor-element-611298c\" data-id=\"611298c\" data-element_type=\"column\">\n\t\t\t<div class=\"elementor-widget-wrap elementor-element-populated\">\n\t\t\t\t\t\t<section class=\"elementor-section elementor-inner-section elementor-element elementor-element-b412035 elementor-section-boxed elementor-section-height-default elementor-section-height-default\" data-id=\"b412035\" data-element_type=\"section\">\n\t\t\t\t\t\t<div class=\"elementor-container elementor-column-gap-default\">\n\t\t\t\t\t<div class=\"elementor-column elementor-col-50 elementor-inner-column elementor-element elementor-element-797d6bc\" data-id=\"797d6bc\" data-element_type=\"column\">\n\t\t\t<div class=\"elementor-widget-wrap elementor-element-populated\">\n\t\t\t\t\t\t<div class=\"elementor-element elementor-element-0a996dd elementor-position-left elementor-view-default elementor-mobile-position-top elementor-vertical-align-top elementor-widget elementor-widget-icon-box\" data-id=\"0a996dd\" data-element_type=\"widget\" data-widget_type=\"icon-box.default\">\n\t\t\t\t<div class=\"elementor-widget-container\">\n\t\t\t\t\t<div class=\"elementor-icon-box-wrapper\">\n\n\t\t\t\t\t\t<div class=\"elementor-icon-box-icon\">\n\t\t\t\t<span  class=\"elementor-icon elementor-animation-\">\n\t\t\t\t<i aria-hidden=\"true\" class=\"fas fa-square-full\"><\/i>\t\t\t\t<\/span>\n\t\t\t<\/div>\n\t\t\t\n\t\t\t\t\t\t<div class=\"elementor-icon-box-content\">\n\n\t\t\t\t\t\t\t\t\t<h2 class=\"elementor-icon-box-title\">\n\t\t\t\t\t\t<span  >\n\t\t\t\t\t\t\tProgramme<br>d'animations\t\t\t\t\t\t<\/span>\n\t\t\t\t\t<\/h2>\n\t\t\t\t\n\t\t\t\t\n\t\t\t<\/div>\n\t\t\t\n\t\t<\/div>\n\t\t\t\t<\/div>\n\t\t\t\t<\/div>\n\t\t\t\t\t<\/div>\n\t\t<\/div>\n\t\t\t\t<div class=\"elementor-column elementor-col-50 elementor-inner-column elementor-element elementor-element-6c6cdb2\" data-id=\"6c6cdb2\" data-element_type=\"column\">\n\t\t\t<div class=\"elementor-widget-wrap\">\n\t\t\t\t\t\t\t<\/div>\n\t\t<\/div>\n\t\t\t\t\t<\/div>\n\t\t<\/section>\n\t\t\t\t<div class=\"elementor-element elementor-element-7a63a05 elementor-widget elementor-widget-text-editor\" data-id=\"7a63a05\" data-element_type=\"widget\" data-widget_type=\"text-editor.default\">\n\t\t\t\t<div class=\"elementor-widget-container\">\n\t\t\t\t\t\t\t<ul><li><strong>Visite comment\u00e9e de l\u2019exposition temporaire<\/strong><br \/>Le Centre D\u00e9partemental d\u2019\u00c9ducation au Patrimoine Ospitalea vous propose une d\u00e9couverte pas \u00e0 pas de ses expositions temporaires \u2013 Dominique Duplantier et H\u00e9ritage, Street-art &amp; Patrimoine \u2013 gr\u00e2ce aux explications de ses m\u00e9diateurs du patrimoine.<br \/><span style=\"color: #f2c344;\">Juillet-ao\u00fbt : tous les jeudis et vendredis \u00e0 11h<\/span><br \/><span style=\"color: #f2c344;\">Septembre et Vacances de Toussaint : tous les vendredis \u00e0 10h30<\/span><br \/>Dur\u00e9e : 1h<br \/>Tarifs : 3\u20ac (gratuit pour les moins de 8 ans), r\u00e9servation obligatoire<\/li><\/ul><p>\u00a0<\/p><p>\u00a0<\/p><ul><li><strong>Ateliers p\u00e9dagogiques en famille<\/strong><br \/>Ateliers \u00ab Parcours Po\u00e9tique \u00bb avec l\u2019artiste plasticien Mister Ride<br \/>Artistes en herbe, vous aussi cr\u00e9ez votre parcours d\u2019\u00e9criture dans Irissarry. Depuis la fabrication de la peinture biod\u00e9gradable jusqu\u2019au trac\u00e9 des lettres sur les chemins du village, en passant par le choix des textes \u00e9crits, l\u2019atelier vous mettra l\u2019espace de quelques heures dans les baskets des street-artistes.<br \/><span style=\"color: #f2c344;\">Les mercredis 25 ao\u00fbt, 29 septembre et 3 novembre, \u00e0 15h<\/span><br \/>Dur\u00e9e : 3h<br \/>Tarif : 3\u20ac (gratuit pour les moins de 8 ans), r\u00e9servation obligatoire. Limit\u00e9 \u00e0 10 personnes.<\/li><\/ul>\t\t\t\t\t\t<\/div>\n\t\t\t\t<\/div>\n\t\t\t\t\t<\/div>\n\t\t<\/div>\n\t\t\t\t\t<\/div>\n\t\t<\/section>\n\t\t\t\t<\/div>\n\t\t","protected":false},"excerpt":{"rendered":"<p>H\u00e9ritage, Street-art &amp; Patrimoine Le Centre D\u00e9partemental d\u2019\u00c9ducation au Patrimoine Ospitalea \u00e0 Irissarry vous propose une rencontre inattendue entre street-art et patrimoine, urbain et rural, artistes et habitants. Ospitalea, accompagn\u00e9 par le centre d&#8217;art Spacejunk de Bayonne, a donn\u00e9 carte blanche au duo d\u2019artistes Sismikazot pour pr\u00e9senter leur vision du village et de ses habitants. [&hellip;]<\/p>\n","protected":false},"author":7,"featured_media":0,"parent":8191,"menu_order":2,"comment_status":"closed","ping_status":"closed","template":"","meta":{"footnotes":""},"class_list":["post-8457","page","type-page","status-publish","hentry"],"acf":[],"yoast_head":"<!-- This site is optimized with the Yoast SEO plugin v23.5 - https:\/\/yoast.com\/wordpress\/plugins\/seo\/ -->\n<title>OSPITALEA | EXPOSITION HERITAGE A IRISSARRY PAYS BASQUE<\/title>\n<meta name=\"description\" content=\"D\u00e9couvrez l&#039;exposition Heritage Street-Art \u00e0 la commanderie Ospilalea, centre d&#039;\u00e9ducation au patrimoine et dans le village Irissarry au Pays basque.\" \/>\n<meta name=\"robots\" content=\"index, follow, max-snippet:-1, max-image-preview:large, max-video-preview:-1\" \/>\n<link rel=\"canonical\" href=\"https:\/\/ospitalea.fr\/eu\/aurkitu-ezazu\/erakusketak\/street-art-eta-onarpena\/\" \/>\n<meta property=\"og:locale\" content=\"eu_ES\" \/>\n<meta property=\"og:type\" content=\"article\" \/>\n<meta property=\"og:title\" content=\"OSPITALEA | EXPOSITION HERITAGE A IRISSARRY PAYS BASQUE\" \/>\n<meta property=\"og:description\" content=\"D\u00e9couvrez l&#039;exposition Heritage Street-Art \u00e0 la commanderie Ospilalea, centre d&#039;\u00e9ducation au patrimoine et dans le village Irissarry au Pays basque.\" \/>\n<meta property=\"og:url\" content=\"https:\/\/ospitalea.fr\/eu\/aurkitu-ezazu\/erakusketak\/street-art-eta-onarpena\/\" \/>\n<meta property=\"og:site_name\" content=\"ospitalea\" \/>\n<meta property=\"article:modified_time\" content=\"2022-05-12T08:22:30+00:00\" \/>\n<meta property=\"og:image\" content=\"http:\/\/ospitalea.fr\/wp-content\/uploads\/sites\/5\/2021\/07\/heritage-1024x703.jpg\" \/>\n<meta name=\"twitter:card\" content=\"summary_large_image\" \/>\n<meta name=\"twitter:label1\" content=\"Est. reading time\" \/>\n\t<meta name=\"twitter:data1\" content=\"3 minutes\" \/>\n<script type=\"application\/ld+json\" class=\"yoast-schema-graph\">{\"@context\":\"https:\/\/schema.org\",\"@graph\":[{\"@type\":\"WebPage\",\"@id\":\"https:\/\/ospitalea.fr\/eu\/aurkitu-ezazu\/erakusketak\/street-art-eta-onarpena\/\",\"url\":\"https:\/\/ospitalea.fr\/eu\/aurkitu-ezazu\/erakusketak\/street-art-eta-onarpena\/\",\"name\":\"OSPITALEA | EXPOSITION HERITAGE A IRISSARRY PAYS BASQUE\",\"isPartOf\":{\"@id\":\"https:\/\/ospitalea.fr\/#website\"},\"primaryImageOfPage\":{\"@id\":\"https:\/\/ospitalea.fr\/eu\/aurkitu-ezazu\/erakusketak\/street-art-eta-onarpena\/#primaryimage\"},\"image\":{\"@id\":\"https:\/\/ospitalea.fr\/eu\/aurkitu-ezazu\/erakusketak\/street-art-eta-onarpena\/#primaryimage\"},\"thumbnailUrl\":\"http:\/\/ospitalea.fr\/wp-content\/uploads\/sites\/5\/2021\/07\/heritage-1024x703.jpg\",\"datePublished\":\"2022-05-12T08:22:01+00:00\",\"dateModified\":\"2022-05-12T08:22:30+00:00\",\"description\":\"D\u00e9couvrez l'exposition Heritage Street-Art \u00e0 la commanderie Ospilalea, centre d'\u00e9ducation au patrimoine et dans le village Irissarry au Pays basque.\",\"breadcrumb\":{\"@id\":\"https:\/\/ospitalea.fr\/eu\/aurkitu-ezazu\/erakusketak\/street-art-eta-onarpena\/#breadcrumb\"},\"inLanguage\":\"eu-ES\",\"potentialAction\":[{\"@type\":\"ReadAction\",\"target\":[\"https:\/\/ospitalea.fr\/eu\/aurkitu-ezazu\/erakusketak\/street-art-eta-onarpena\/\"]}]},{\"@type\":\"ImageObject\",\"inLanguage\":\"eu-ES\",\"@id\":\"https:\/\/ospitalea.fr\/eu\/aurkitu-ezazu\/erakusketak\/street-art-eta-onarpena\/#primaryimage\",\"url\":\"http:\/\/ospitalea.fr\/wp-content\/uploads\/sites\/5\/2021\/07\/heritage-1024x703.jpg\",\"contentUrl\":\"http:\/\/ospitalea.fr\/wp-content\/uploads\/sites\/5\/2021\/07\/heritage-1024x703.jpg\"},{\"@type\":\"BreadcrumbList\",\"@id\":\"https:\/\/ospitalea.fr\/eu\/aurkitu-ezazu\/erakusketak\/street-art-eta-onarpena\/#breadcrumb\",\"itemListElement\":[{\"@type\":\"ListItem\",\"position\":1,\"name\":\"AURKITU EZAZU\",\"item\":\"https:\/\/ospitalea.fr\/eu\/aurkitu-ezazu\/\"},{\"@type\":\"ListItem\",\"position\":2,\"name\":\"Erakusketak\",\"item\":\"https:\/\/ospitalea.fr\/eu\/decouvrez\/expositions\/\"},{\"@type\":\"ListItem\",\"position\":3,\"name\":\"Street art eta onarpena\"}]},{\"@type\":\"WebSite\",\"@id\":\"https:\/\/ospitalea.fr\/#website\",\"url\":\"https:\/\/ospitalea.fr\/\",\"name\":\"ospitalea\",\"description\":\"\",\"publisher\":{\"@id\":\"https:\/\/ospitalea.fr\/#organization\"},\"potentialAction\":[{\"@type\":\"SearchAction\",\"target\":{\"@type\":\"EntryPoint\",\"urlTemplate\":\"https:\/\/ospitalea.fr\/?s={search_term_string}\"},\"query-input\":{\"@type\":\"PropertyValueSpecification\",\"valueRequired\":true,\"valueName\":\"search_term_string\"}}],\"inLanguage\":\"eu-ES\"},{\"@type\":\"Organization\",\"@id\":\"https:\/\/ospitalea.fr\/#organization\",\"name\":\"ospitalea\",\"url\":\"https:\/\/ospitalea.fr\/\",\"logo\":{\"@type\":\"ImageObject\",\"inLanguage\":\"eu-ES\",\"@id\":\"https:\/\/ospitalea.fr\/#\/schema\/logo\/image\/\",\"url\":\"https:\/\/ospitalea.fr\/wp-content\/uploads\/sites\/5\/2022\/09\/OSPITALEA-LOGO0-1.png\",\"contentUrl\":\"https:\/\/ospitalea.fr\/wp-content\/uploads\/sites\/5\/2022\/09\/OSPITALEA-LOGO0-1.png\",\"width\":416,\"height\":120,\"caption\":\"ospitalea\"},\"image\":{\"@id\":\"https:\/\/ospitalea.fr\/#\/schema\/logo\/image\/\"}}]}<\/script>\n<!-- \/ Yoast SEO plugin. -->","yoast_head_json":{"title":"OSPITALEA | EXPOSITION HERITAGE A IRISSARRY PAYS BASQUE","description":"D\u00e9couvrez l'exposition Heritage Street-Art \u00e0 la commanderie Ospilalea, centre d'\u00e9ducation au patrimoine et dans le village Irissarry au Pays basque.","robots":{"index":"index","follow":"follow","max-snippet":"max-snippet:-1","max-image-preview":"max-image-preview:large","max-video-preview":"max-video-preview:-1"},"canonical":"https:\/\/ospitalea.fr\/eu\/aurkitu-ezazu\/erakusketak\/street-art-eta-onarpena\/","og_locale":"eu_ES","og_type":"article","og_title":"OSPITALEA | EXPOSITION HERITAGE A IRISSARRY PAYS BASQUE","og_description":"D\u00e9couvrez l'exposition Heritage Street-Art \u00e0 la commanderie Ospilalea, centre d'\u00e9ducation au patrimoine et dans le village Irissarry au Pays basque.","og_url":"https:\/\/ospitalea.fr\/eu\/aurkitu-ezazu\/erakusketak\/street-art-eta-onarpena\/","og_site_name":"ospitalea","article_modified_time":"2022-05-12T08:22:30+00:00","og_image":[{"url":"http:\/\/ospitalea.fr\/wp-content\/uploads\/sites\/5\/2021\/07\/heritage-1024x703.jpg"}],"twitter_card":"summary_large_image","twitter_misc":{"Est. reading time":"3 minutes"},"schema":{"@context":"https:\/\/schema.org","@graph":[{"@type":"WebPage","@id":"https:\/\/ospitalea.fr\/eu\/aurkitu-ezazu\/erakusketak\/street-art-eta-onarpena\/","url":"https:\/\/ospitalea.fr\/eu\/aurkitu-ezazu\/erakusketak\/street-art-eta-onarpena\/","name":"OSPITALEA | EXPOSITION HERITAGE A IRISSARRY PAYS BASQUE","isPartOf":{"@id":"https:\/\/ospitalea.fr\/#website"},"primaryImageOfPage":{"@id":"https:\/\/ospitalea.fr\/eu\/aurkitu-ezazu\/erakusketak\/street-art-eta-onarpena\/#primaryimage"},"image":{"@id":"https:\/\/ospitalea.fr\/eu\/aurkitu-ezazu\/erakusketak\/street-art-eta-onarpena\/#primaryimage"},"thumbnailUrl":"http:\/\/ospitalea.fr\/wp-content\/uploads\/sites\/5\/2021\/07\/heritage-1024x703.jpg","datePublished":"2022-05-12T08:22:01+00:00","dateModified":"2022-05-12T08:22:30+00:00","description":"D\u00e9couvrez l'exposition Heritage Street-Art \u00e0 la commanderie Ospilalea, centre d'\u00e9ducation au patrimoine et dans le village Irissarry au Pays basque.","breadcrumb":{"@id":"https:\/\/ospitalea.fr\/eu\/aurkitu-ezazu\/erakusketak\/street-art-eta-onarpena\/#breadcrumb"},"inLanguage":"eu-ES","potentialAction":[{"@type":"ReadAction","target":["https:\/\/ospitalea.fr\/eu\/aurkitu-ezazu\/erakusketak\/street-art-eta-onarpena\/"]}]},{"@type":"ImageObject","inLanguage":"eu-ES","@id":"https:\/\/ospitalea.fr\/eu\/aurkitu-ezazu\/erakusketak\/street-art-eta-onarpena\/#primaryimage","url":"http:\/\/ospitalea.fr\/wp-content\/uploads\/sites\/5\/2021\/07\/heritage-1024x703.jpg","contentUrl":"http:\/\/ospitalea.fr\/wp-content\/uploads\/sites\/5\/2021\/07\/heritage-1024x703.jpg"},{"@type":"BreadcrumbList","@id":"https:\/\/ospitalea.fr\/eu\/aurkitu-ezazu\/erakusketak\/street-art-eta-onarpena\/#breadcrumb","itemListElement":[{"@type":"ListItem","position":1,"name":"AURKITU EZAZU","item":"https:\/\/ospitalea.fr\/eu\/aurkitu-ezazu\/"},{"@type":"ListItem","position":2,"name":"Erakusketak","item":"https:\/\/ospitalea.fr\/eu\/decouvrez\/expositions\/"},{"@type":"ListItem","position":3,"name":"Street art eta onarpena"}]},{"@type":"WebSite","@id":"https:\/\/ospitalea.fr\/#website","url":"https:\/\/ospitalea.fr\/","name":"ospitalea","description":"","publisher":{"@id":"https:\/\/ospitalea.fr\/#organization"},"potentialAction":[{"@type":"SearchAction","target":{"@type":"EntryPoint","urlTemplate":"https:\/\/ospitalea.fr\/?s={search_term_string}"},"query-input":{"@type":"PropertyValueSpecification","valueRequired":true,"valueName":"search_term_string"}}],"inLanguage":"eu-ES"},{"@type":"Organization","@id":"https:\/\/ospitalea.fr\/#organization","name":"ospitalea","url":"https:\/\/ospitalea.fr\/","logo":{"@type":"ImageObject","inLanguage":"eu-ES","@id":"https:\/\/ospitalea.fr\/#\/schema\/logo\/image\/","url":"https:\/\/ospitalea.fr\/wp-content\/uploads\/sites\/5\/2022\/09\/OSPITALEA-LOGO0-1.png","contentUrl":"https:\/\/ospitalea.fr\/wp-content\/uploads\/sites\/5\/2022\/09\/OSPITALEA-LOGO0-1.png","width":416,"height":120,"caption":"ospitalea"},"image":{"@id":"https:\/\/ospitalea.fr\/#\/schema\/logo\/image\/"}}]}},"_links":{"self":[{"href":"https:\/\/ospitalea.fr\/eu\/wp-json\/wp\/v2\/pages\/8457"}],"collection":[{"href":"https:\/\/ospitalea.fr\/eu\/wp-json\/wp\/v2\/pages"}],"about":[{"href":"https:\/\/ospitalea.fr\/eu\/wp-json\/wp\/v2\/types\/page"}],"author":[{"embeddable":true,"href":"https:\/\/ospitalea.fr\/eu\/wp-json\/wp\/v2\/users\/7"}],"replies":[{"embeddable":true,"href":"https:\/\/ospitalea.fr\/eu\/wp-json\/wp\/v2\/comments?post=8457"}],"version-history":[{"count":2,"href":"https:\/\/ospitalea.fr\/eu\/wp-json\/wp\/v2\/pages\/8457\/revisions"}],"predecessor-version":[{"id":8860,"href":"https:\/\/ospitalea.fr\/eu\/wp-json\/wp\/v2\/pages\/8457\/revisions\/8860"}],"up":[{"embeddable":true,"href":"https:\/\/ospitalea.fr\/eu\/wp-json\/wp\/v2\/pages\/8191"}],"wp:attachment":[{"href":"https:\/\/ospitalea.fr\/eu\/wp-json\/wp\/v2\/media?parent=8457"}],"curies":[{"name":"wp","href":"https:\/\/api.w.org\/{rel}","templated":true}]}}