{"id":8233,"date":"2021-02-03T09:20:08","date_gmt":"2021-02-03T08:20:08","guid":{"rendered":"http:\/\/ospitalea.fr\/?page_id=8233"},"modified":"2022-05-17T08:38:07","modified_gmt":"2022-05-17T06:38:07","slug":"ostatuak-eta-jatetxeak","status":"publish","type":"page","link":"https:\/\/ospitalea.fr\/eu\/argibide-praktikoak\/ostatuak-eta-jatetxeak\/","title":{"rendered":"Ostatuak eta jatetxeak"},"content":{"rendered":"\t\t<div data-elementor-type=\"wp-page\" data-elementor-id=\"8233\" class=\"elementor elementor-8233 elementor-745\">\n\t\t\t\t\t\t<section class=\"elementor-section elementor-top-section elementor-element elementor-element-b50a5bd elementor-section-boxed elementor-section-height-default elementor-section-height-default\" data-id=\"b50a5bd\" data-element_type=\"section\" data-settings=\"{&quot;background_background&quot;:&quot;classic&quot;}\">\n\t\t\t\t\t\t<div class=\"elementor-container elementor-column-gap-default\">\n\t\t\t\t\t<div class=\"elementor-column elementor-col-100 elementor-top-column elementor-element elementor-element-a55cc9e\" data-id=\"a55cc9e\" data-element_type=\"column\">\n\t\t\t<div class=\"elementor-widget-wrap elementor-element-populated\">\n\t\t\t\t\t\t<div class=\"elementor-element elementor-element-576d482 elementor-hidden-phone elementor-widget elementor-widget-heading\" data-id=\"576d482\" data-element_type=\"widget\" data-widget_type=\"heading.default\">\n\t\t\t\t<div class=\"elementor-widget-container\">\n\t\t\t<h1 class=\"elementor-heading-title elementor-size-default\">Ospitalearen inguruko ostatuak eta jatetxeak<\/h1>\t\t<\/div>\n\t\t\t\t<\/div>\n\t\t\t\t<div class=\"elementor-element elementor-element-645500c elementor-hidden-desktop elementor-hidden-tablet elementor-widget elementor-widget-heading\" data-id=\"645500c\" data-element_type=\"widget\" data-widget_type=\"heading.default\">\n\t\t\t\t<div class=\"elementor-widget-container\">\n\t\t\t<h1 class=\"elementor-heading-title elementor-size-default\">Ospitalearen inguruko ostatuak eta jatetxeak<\/h1>\t\t<\/div>\n\t\t\t\t<\/div>\n\t\t\t\t<div class=\"elementor-element elementor-element-b200961 elementor-widget-divider--view-line elementor-widget elementor-widget-divider\" data-id=\"b200961\" data-element_type=\"widget\" data-widget_type=\"divider.default\">\n\t\t\t\t<div class=\"elementor-widget-container\">\n\t\t\t\t\t<div class=\"elementor-divider\">\n\t\t\t<span class=\"elementor-divider-separator\">\n\t\t\t\t\t\t<\/span>\n\t\t<\/div>\n\t\t\t\t<\/div>\n\t\t\t\t<\/div>\n\t\t\t\t<div class=\"elementor-element elementor-element-1f1edb3 elementor-widget elementor-widget-text-editor\" data-id=\"1f1edb3\" data-element_type=\"widget\" data-widget_type=\"text-editor.default\">\n\t\t\t\t<div class=\"elementor-widget-container\">\n\t\t\t\t\t\t\t<p>Leku onak atzemanen dituzu Irisarrin edo inguruetako herrietan jateko: jatetxeak, ostatuak, gastronomia saltegiak eta leku atseginetan dastatzeko lekuko jaki bereziak.<\/p>\t\t\t\t\t\t<\/div>\n\t\t\t\t<\/div>\n\t\t\t\t\t<\/div>\n\t\t<\/div>\n\t\t\t\t\t<\/div>\n\t\t<\/section>\n\t\t\t\t<section class=\"elementor-section elementor-top-section elementor-element elementor-element-152ed606 elementor-section-height-min-height elementor-section-content-middle elementor-section-items-stretch elementor-section-boxed elementor-section-height-default\" data-id=\"152ed606\" data-element_type=\"section\" data-settings=\"{&quot;background_background&quot;:&quot;classic&quot;}\">\n\t\t\t\t\t\t<div class=\"elementor-container elementor-column-gap-default\">\n\t\t\t\t\t<div class=\"elementor-column elementor-col-50 elementor-top-column elementor-element elementor-element-3c3985a\" data-id=\"3c3985a\" data-element_type=\"column\" data-settings=\"{&quot;background_background&quot;:&quot;classic&quot;}\">\n\t\t\t<div class=\"elementor-widget-wrap elementor-element-populated\">\n\t\t\t\t\t\t<div class=\"elementor-element elementor-element-3c0293c8 elementor-widget elementor-widget-heading\" data-id=\"3c0293c8\" data-element_type=\"widget\" data-widget_type=\"heading.default\">\n\t\t\t\t<div class=\"elementor-widget-container\">\n\t\t\t<h2 class=\"elementor-heading-title elementor-size-default\">Geldialdi gastronomikoa <\/h2>\t\t<\/div>\n\t\t\t\t<\/div>\n\t\t\t\t<div class=\"elementor-element elementor-element-79efb8c2 elementor-widget-divider--view-line elementor-widget elementor-widget-divider\" data-id=\"79efb8c2\" data-element_type=\"widget\" data-widget_type=\"divider.default\">\n\t\t\t\t<div class=\"elementor-widget-container\">\n\t\t\t\t\t<div class=\"elementor-divider\">\n\t\t\t<span class=\"elementor-divider-separator\">\n\t\t\t\t\t\t<\/span>\n\t\t<\/div>\n\t\t\t\t<\/div>\n\t\t\t\t<\/div>\n\t\t\t\t<div class=\"elementor-element elementor-element-7f067fe0 elementor-widget elementor-widget-text-editor\" data-id=\"7f067fe0\" data-element_type=\"widget\" data-widget_type=\"text-editor.default\">\n\t\t\t\t<div class=\"elementor-widget-container\">\n\t\t\t\t\t\t\t<p><strong>Irisarrin eta inguruetan<\/strong> :<\/p><ul><li><a href=\"https:\/\/resa.tourisme64.com\/restaurant\/irissarry\/?distance=20\">Ospitaletik 20 km-ra diren jatetxeak<\/a><\/li><\/ul>\t\t\t\t\t\t<\/div>\n\t\t\t\t<\/div>\n\t\t\t\t\t<\/div>\n\t\t<\/div>\n\t\t\t\t<div class=\"elementor-column elementor-col-50 elementor-top-column elementor-element elementor-element-4726b09d\" data-id=\"4726b09d\" data-element_type=\"column\" data-settings=\"{&quot;background_background&quot;:&quot;classic&quot;}\">\n\t\t\t<div class=\"elementor-widget-wrap\">\n\t\t\t\t\t\t\t<\/div>\n\t\t<\/div>\n\t\t\t\t\t<\/div>\n\t\t<\/section>\n\t\t\t\t<section class=\"elementor-section elementor-top-section elementor-element elementor-element-f1b90e8 elementor-section-height-min-height elementor-section-content-middle elementor-section-items-stretch elementor-hidden-desktop elementor-hidden-tablet elementor-hidden-phone elementor-section-boxed elementor-section-height-default\" data-id=\"f1b90e8\" data-element_type=\"section\" data-settings=\"{&quot;background_background&quot;:&quot;classic&quot;}\">\n\t\t\t\t\t\t<div class=\"elementor-container elementor-column-gap-default\">\n\t\t\t\t\t<div class=\"elementor-column elementor-col-50 elementor-top-column elementor-element elementor-element-b22b101\" data-id=\"b22b101\" data-element_type=\"column\" data-settings=\"{&quot;background_background&quot;:&quot;classic&quot;}\">\n\t\t\t<div class=\"elementor-widget-wrap elementor-element-populated\">\n\t\t\t\t\t\t<div class=\"elementor-element elementor-element-85acafc elementor-widget elementor-widget-heading\" data-id=\"85acafc\" data-element_type=\"widget\" data-widget_type=\"heading.default\">\n\t\t\t\t<div class=\"elementor-widget-container\">\n\t\t\t<h2 class=\"elementor-heading-title elementor-size-default\">Pause gourmande<\/h2>\t\t<\/div>\n\t\t\t\t<\/div>\n\t\t\t\t<div class=\"elementor-element elementor-element-c023188 elementor-widget-divider--view-line elementor-widget elementor-widget-divider\" data-id=\"c023188\" data-element_type=\"widget\" data-widget_type=\"divider.default\">\n\t\t\t\t<div class=\"elementor-widget-container\">\n\t\t\t\t\t<div class=\"elementor-divider\">\n\t\t\t<span class=\"elementor-divider-separator\">\n\t\t\t\t\t\t<\/span>\n\t\t<\/div>\n\t\t\t\t<\/div>\n\t\t\t\t<\/div>\n\t\t\t\t<div class=\"elementor-element elementor-element-5bc0131 elementor-widget elementor-widget-text-editor\" data-id=\"5bc0131\" data-element_type=\"widget\" data-widget_type=\"text-editor.default\">\n\t\t\t\t<div class=\"elementor-widget-container\">\n\t\t\t\t\t\t\t<p><strong>\u00e0 Irissarry<\/strong> :<\/p><ul><li>restaurant <a href=\"http:\/\/www.restaurant-art-zain.fr\/fr\/\">Art\u2019zain<\/a><\/li><li>restaurant Gure Doia<\/li><li>Caf\u00e9s : Bordagaray ; Bidondo ; Minhondo<\/li><li>\u00a0Commerces : boucherie traiteur Laugier ; <a href=\"https:\/\/www.facebook.com\/Boulangerie-P%C3%A2tisserie-Minhondo-172010300411257\/\">boulangerie p\u00e2tisserie Minhondo<\/a> ; \u00e9picerie TTantto (aire de pique-nique accessible)<\/li><\/ul>\t\t\t\t\t\t<\/div>\n\t\t\t\t<\/div>\n\t\t\t\t\t<\/div>\n\t\t<\/div>\n\t\t\t\t<div class=\"elementor-column elementor-col-50 elementor-top-column elementor-element elementor-element-dfab50b\" data-id=\"dfab50b\" data-element_type=\"column\" data-settings=\"{&quot;background_background&quot;:&quot;classic&quot;}\">\n\t\t\t<div class=\"elementor-widget-wrap\">\n\t\t\t\t\t\t\t<\/div>\n\t\t<\/div>\n\t\t\t\t\t<\/div>\n\t\t<\/section>\n\t\t\t\t<section class=\"elementor-section elementor-top-section elementor-element elementor-element-c8a78c6 elementor-section-height-min-height elementor-section-content-middle elementor-section-items-stretch elementor-reverse-tablet elementor-reverse-mobile elementor-hidden-desktop elementor-hidden-tablet elementor-hidden-phone elementor-section-boxed elementor-section-height-default\" data-id=\"c8a78c6\" data-element_type=\"section\">\n\t\t\t\t\t\t<div class=\"elementor-container elementor-column-gap-default\">\n\t\t\t\t\t<div class=\"elementor-column elementor-col-50 elementor-top-column elementor-element elementor-element-551781c\" data-id=\"551781c\" data-element_type=\"column\" data-settings=\"{&quot;background_background&quot;:&quot;classic&quot;}\">\n\t\t\t<div class=\"elementor-widget-wrap\">\n\t\t\t\t\t\t\t<\/div>\n\t\t<\/div>\n\t\t\t\t<div class=\"elementor-column elementor-col-50 elementor-top-column elementor-element elementor-element-7676bdec\" data-id=\"7676bdec\" data-element_type=\"column\" data-settings=\"{&quot;background_background&quot;:&quot;classic&quot;}\">\n\t\t\t<div class=\"elementor-widget-wrap elementor-element-populated\">\n\t\t\t\t\t\t<div class=\"elementor-element elementor-element-28e5bd21 elementor-widget elementor-widget-heading\" data-id=\"28e5bd21\" data-element_type=\"widget\" data-widget_type=\"heading.default\">\n\t\t\t\t<div class=\"elementor-widget-container\">\n\t\t\t<h4 class=\"elementor-heading-title elementor-size-default\">Meet Our Executive Chef<\/h4>\t\t<\/div>\n\t\t\t\t<\/div>\n\t\t\t\t<div class=\"elementor-element elementor-element-4c446a74 elementor-widget elementor-widget-heading\" data-id=\"4c446a74\" data-element_type=\"widget\" data-widget_type=\"heading.default\">\n\t\t\t\t<div class=\"elementor-widget-container\">\n\t\t\t<h2 class=\"elementor-heading-title elementor-size-default\">aux alentours d'Ospitalea<\/h2>\t\t<\/div>\n\t\t\t\t<\/div>\n\t\t\t\t<div class=\"elementor-element elementor-element-6072bf9d elementor-widget-divider--view-line elementor-widget elementor-widget-divider\" data-id=\"6072bf9d\" data-element_type=\"widget\" data-widget_type=\"divider.default\">\n\t\t\t\t<div class=\"elementor-widget-container\">\n\t\t\t\t\t<div class=\"elementor-divider\">\n\t\t\t<span class=\"elementor-divider-separator\">\n\t\t\t\t\t\t<\/span>\n\t\t<\/div>\n\t\t\t\t<\/div>\n\t\t\t\t<\/div>\n\t\t\t\t<div class=\"elementor-element elementor-element-da57ba9 elementor-widget elementor-widget-text-editor\" data-id=\"da57ba9\" data-element_type=\"widget\" data-widget_type=\"text-editor.default\">\n\t\t\t\t<div class=\"elementor-widget-container\">\n\t\t\t\t\t\t\t<ul><li>\u00e0 Suhescun, restaurant Les Tables d&#8217;Uhaldia<\/li><li>\u00e0 Osses, restaurant Mendi Alde, restaurant La Ferme gourmande, auberge Etxeko Borda, restaurant le Komptoir d&#8217;Oss\u00e8s<\/li><li>\u00e0 H\u00e9lette, restaurant Ezkaratza, restaurant La Gaita (base de loisirs), restaurant Idioinia Amestoy, Caf\u00e9 Larre<\/li><li>\u00a0\u00e0 Louhossoa, restaurant du Trinquet, Pizzas &#8220;Chez Didier&#8221;<\/li><li>\u00e0 Bidarray, auberge Ostap\u00e9, auberge Iparlan Karrikaburu, restaurant Barberaenea.<\/li><\/ul>\t\t\t\t\t\t<\/div>\n\t\t\t\t<\/div>\n\t\t\t\t\t<\/div>\n\t\t<\/div>\n\t\t\t\t\t<\/div>\n\t\t<\/section>\n\t\t\t\t<section class=\"elementor-section elementor-top-section elementor-element elementor-element-a671ad0 elementor-hidden-desktop elementor-hidden-tablet elementor-hidden-phone elementor-section-boxed elementor-section-height-default elementor-section-height-default\" data-id=\"a671ad0\" data-element_type=\"section\" data-settings=\"{&quot;background_background&quot;:&quot;classic&quot;}\">\n\t\t\t\t\t\t<div class=\"elementor-container elementor-column-gap-default\">\n\t\t\t\t\t<div class=\"elementor-column elementor-col-100 elementor-top-column elementor-element elementor-element-72037ae\" data-id=\"72037ae\" data-element_type=\"column\">\n\t\t\t<div class=\"elementor-widget-wrap elementor-element-populated\">\n\t\t\t\t\t\t<div class=\"elementor-element elementor-element-4f34e99 elementor-widget elementor-widget-text-editor\" data-id=\"4f34e99\" data-element_type=\"widget\" data-widget_type=\"text-editor.default\">\n\t\t\t\t<div class=\"elementor-widget-container\">\n\t\t\t\t\t\t\t\n<p style=\"text-align: left\">Si vous \u00eates un professionnel du secteur et que vous souhaitez appara\u00eetre dans nos recommandations, merci de nous contacter pour nous faire part de votre demande : <u><a href=\"mailto:ospitalea@le64.fr\">ospitalea@le64.fr<\/a> <\/u><\/p>\t\t\t\t\t\t<\/div>\n\t\t\t\t<\/div>\n\t\t\t\t\t<\/div>\n\t\t<\/div>\n\t\t\t\t\t<\/div>\n\t\t<\/section>\n\t\t\t\t<\/div>\n\t\t","protected":false},"excerpt":{"rendered":"<p>Ospitalearen inguruko ostatuak eta jatetxeak Ospitalearen inguruko ostatuak eta jatetxeak Leku onak atzemanen dituzu Irisarrin edo inguruetako herrietan jateko: jatetxeak, ostatuak, gastronomia saltegiak eta leku atseginetan dastatzeko lekuko jaki bereziak. Geldialdi gastronomikoa Irisarrin eta inguruetan : Ospitaletik 20 km-ra diren jatetxeak Pause gourmande \u00e0 Irissarry : restaurant Art\u2019zain restaurant Gure Doia Caf\u00e9s : Bordagaray ; [&hellip;]<\/p>\n","protected":false},"author":7,"featured_media":0,"parent":8216,"menu_order":5,"comment_status":"closed","ping_status":"closed","template":"elementor_header_footer","meta":{"footnotes":""},"class_list":["post-8233","page","type-page","status-publish","hentry"],"acf":[],"yoast_head":"<!-- This site is optimized with the Yoast SEO plugin v23.5 - https:\/\/yoast.com\/wordpress\/plugins\/seo\/ -->\n<title>OSPITALEA | IRISARRI INGURUKO OSTATUAK ETA JATETXEAK<\/title>\n<meta name=\"description\" content=\"Ezagutu itzazu Euskal Herriko Irisarriko Ospitalea komanderiaren inguruko ostatuak eta jatetxeak, Departamenduko Ondare Hezkuntzarako Zentroan.\" \/>\n<meta name=\"robots\" content=\"index, follow, max-snippet:-1, max-image-preview:large, max-video-preview:-1\" \/>\n<link rel=\"canonical\" href=\"https:\/\/ospitalea.fr\/eu\/argibide-praktikoak\/ostatuak-eta-jatetxeak\/\" \/>\n<meta property=\"og:locale\" content=\"eu_ES\" \/>\n<meta property=\"og:type\" content=\"article\" \/>\n<meta property=\"og:title\" content=\"OSPITALEA | IRISARRI INGURUKO OSTATUAK ETA JATETXEAK\" \/>\n<meta property=\"og:description\" content=\"Ezagutu itzazu Euskal Herriko Irisarriko Ospitalea komanderiaren inguruko ostatuak eta jatetxeak, Departamenduko Ondare Hezkuntzarako Zentroan.\" \/>\n<meta property=\"og:url\" content=\"https:\/\/ospitalea.fr\/eu\/argibide-praktikoak\/ostatuak-eta-jatetxeak\/\" \/>\n<meta property=\"og:site_name\" content=\"ospitalea\" \/>\n<meta property=\"article:modified_time\" content=\"2022-05-17T06:38:07+00:00\" \/>\n<meta name=\"twitter:card\" content=\"summary_large_image\" \/>\n<meta name=\"twitter:label1\" content=\"Est. reading time\" \/>\n\t<meta name=\"twitter:data1\" content=\"1 minute\" \/>\n<script type=\"application\/ld+json\" class=\"yoast-schema-graph\">{\"@context\":\"https:\/\/schema.org\",\"@graph\":[{\"@type\":\"WebPage\",\"@id\":\"https:\/\/ospitalea.fr\/eu\/argibide-praktikoak\/ostatuak-eta-jatetxeak\/\",\"url\":\"https:\/\/ospitalea.fr\/eu\/argibide-praktikoak\/ostatuak-eta-jatetxeak\/\",\"name\":\"OSPITALEA | IRISARRI INGURUKO OSTATUAK ETA JATETXEAK\",\"isPartOf\":{\"@id\":\"https:\/\/ospitalea.fr\/#website\"},\"datePublished\":\"2021-02-03T08:20:08+00:00\",\"dateModified\":\"2022-05-17T06:38:07+00:00\",\"description\":\"Ezagutu itzazu Euskal Herriko Irisarriko Ospitalea komanderiaren inguruko ostatuak eta jatetxeak, Departamenduko Ondare Hezkuntzarako Zentroan.\",\"breadcrumb\":{\"@id\":\"https:\/\/ospitalea.fr\/eu\/argibide-praktikoak\/ostatuak-eta-jatetxeak\/#breadcrumb\"},\"inLanguage\":\"eu-ES\",\"potentialAction\":[{\"@type\":\"ReadAction\",\"target\":[\"https:\/\/ospitalea.fr\/eu\/argibide-praktikoak\/ostatuak-eta-jatetxeak\/\"]}]},{\"@type\":\"BreadcrumbList\",\"@id\":\"https:\/\/ospitalea.fr\/eu\/argibide-praktikoak\/ostatuak-eta-jatetxeak\/#breadcrumb\",\"itemListElement\":[{\"@type\":\"ListItem\",\"position\":1,\"name\":\"ARGIBIDE PRAKTIKOAK\",\"item\":\"https:\/\/ospitalea.fr\/eu\/argibide-praktikoak\/\"},{\"@type\":\"ListItem\",\"position\":2,\"name\":\"Ostatuak eta jatetxeak\"}]},{\"@type\":\"WebSite\",\"@id\":\"https:\/\/ospitalea.fr\/#website\",\"url\":\"https:\/\/ospitalea.fr\/\",\"name\":\"ospitalea\",\"description\":\"\",\"publisher\":{\"@id\":\"https:\/\/ospitalea.fr\/#organization\"},\"potentialAction\":[{\"@type\":\"SearchAction\",\"target\":{\"@type\":\"EntryPoint\",\"urlTemplate\":\"https:\/\/ospitalea.fr\/?s={search_term_string}\"},\"query-input\":{\"@type\":\"PropertyValueSpecification\",\"valueRequired\":true,\"valueName\":\"search_term_string\"}}],\"inLanguage\":\"eu-ES\"},{\"@type\":\"Organization\",\"@id\":\"https:\/\/ospitalea.fr\/#organization\",\"name\":\"ospitalea\",\"url\":\"https:\/\/ospitalea.fr\/\",\"logo\":{\"@type\":\"ImageObject\",\"inLanguage\":\"eu-ES\",\"@id\":\"https:\/\/ospitalea.fr\/#\/schema\/logo\/image\/\",\"url\":\"https:\/\/ospitalea.fr\/wp-content\/uploads\/sites\/5\/2022\/09\/OSPITALEA-LOGO0-1.png\",\"contentUrl\":\"https:\/\/ospitalea.fr\/wp-content\/uploads\/sites\/5\/2022\/09\/OSPITALEA-LOGO0-1.png\",\"width\":416,\"height\":120,\"caption\":\"ospitalea\"},\"image\":{\"@id\":\"https:\/\/ospitalea.fr\/#\/schema\/logo\/image\/\"}}]}<\/script>\n<!-- \/ Yoast SEO plugin. -->","yoast_head_json":{"title":"OSPITALEA | IRISARRI INGURUKO OSTATUAK ETA JATETXEAK","description":"Ezagutu itzazu Euskal Herriko Irisarriko Ospitalea komanderiaren inguruko ostatuak eta jatetxeak, Departamenduko Ondare Hezkuntzarako Zentroan.","robots":{"index":"index","follow":"follow","max-snippet":"max-snippet:-1","max-image-preview":"max-image-preview:large","max-video-preview":"max-video-preview:-1"},"canonical":"https:\/\/ospitalea.fr\/eu\/argibide-praktikoak\/ostatuak-eta-jatetxeak\/","og_locale":"eu_ES","og_type":"article","og_title":"OSPITALEA | IRISARRI INGURUKO OSTATUAK ETA JATETXEAK","og_description":"Ezagutu itzazu Euskal Herriko Irisarriko Ospitalea komanderiaren inguruko ostatuak eta jatetxeak, Departamenduko Ondare Hezkuntzarako Zentroan.","og_url":"https:\/\/ospitalea.fr\/eu\/argibide-praktikoak\/ostatuak-eta-jatetxeak\/","og_site_name":"ospitalea","article_modified_time":"2022-05-17T06:38:07+00:00","twitter_card":"summary_large_image","twitter_misc":{"Est. reading time":"1 minute"},"schema":{"@context":"https:\/\/schema.org","@graph":[{"@type":"WebPage","@id":"https:\/\/ospitalea.fr\/eu\/argibide-praktikoak\/ostatuak-eta-jatetxeak\/","url":"https:\/\/ospitalea.fr\/eu\/argibide-praktikoak\/ostatuak-eta-jatetxeak\/","name":"OSPITALEA | IRISARRI INGURUKO OSTATUAK ETA JATETXEAK","isPartOf":{"@id":"https:\/\/ospitalea.fr\/#website"},"datePublished":"2021-02-03T08:20:08+00:00","dateModified":"2022-05-17T06:38:07+00:00","description":"Ezagutu itzazu Euskal Herriko Irisarriko Ospitalea komanderiaren inguruko ostatuak eta jatetxeak, Departamenduko Ondare Hezkuntzarako Zentroan.","breadcrumb":{"@id":"https:\/\/ospitalea.fr\/eu\/argibide-praktikoak\/ostatuak-eta-jatetxeak\/#breadcrumb"},"inLanguage":"eu-ES","potentialAction":[{"@type":"ReadAction","target":["https:\/\/ospitalea.fr\/eu\/argibide-praktikoak\/ostatuak-eta-jatetxeak\/"]}]},{"@type":"BreadcrumbList","@id":"https:\/\/ospitalea.fr\/eu\/argibide-praktikoak\/ostatuak-eta-jatetxeak\/#breadcrumb","itemListElement":[{"@type":"ListItem","position":1,"name":"ARGIBIDE PRAKTIKOAK","item":"https:\/\/ospitalea.fr\/eu\/argibide-praktikoak\/"},{"@type":"ListItem","position":2,"name":"Ostatuak eta jatetxeak"}]},{"@type":"WebSite","@id":"https:\/\/ospitalea.fr\/#website","url":"https:\/\/ospitalea.fr\/","name":"ospitalea","description":"","publisher":{"@id":"https:\/\/ospitalea.fr\/#organization"},"potentialAction":[{"@type":"SearchAction","target":{"@type":"EntryPoint","urlTemplate":"https:\/\/ospitalea.fr\/?s={search_term_string}"},"query-input":{"@type":"PropertyValueSpecification","valueRequired":true,"valueName":"search_term_string"}}],"inLanguage":"eu-ES"},{"@type":"Organization","@id":"https:\/\/ospitalea.fr\/#organization","name":"ospitalea","url":"https:\/\/ospitalea.fr\/","logo":{"@type":"ImageObject","inLanguage":"eu-ES","@id":"https:\/\/ospitalea.fr\/#\/schema\/logo\/image\/","url":"https:\/\/ospitalea.fr\/wp-content\/uploads\/sites\/5\/2022\/09\/OSPITALEA-LOGO0-1.png","contentUrl":"https:\/\/ospitalea.fr\/wp-content\/uploads\/sites\/5\/2022\/09\/OSPITALEA-LOGO0-1.png","width":416,"height":120,"caption":"ospitalea"},"image":{"@id":"https:\/\/ospitalea.fr\/#\/schema\/logo\/image\/"}}]}},"_links":{"self":[{"href":"https:\/\/ospitalea.fr\/eu\/wp-json\/wp\/v2\/pages\/8233"}],"collection":[{"href":"https:\/\/ospitalea.fr\/eu\/wp-json\/wp\/v2\/pages"}],"about":[{"href":"https:\/\/ospitalea.fr\/eu\/wp-json\/wp\/v2\/types\/page"}],"author":[{"embeddable":true,"href":"https:\/\/ospitalea.fr\/eu\/wp-json\/wp\/v2\/users\/7"}],"replies":[{"embeddable":true,"href":"https:\/\/ospitalea.fr\/eu\/wp-json\/wp\/v2\/comments?post=8233"}],"version-history":[{"count":13,"href":"https:\/\/ospitalea.fr\/eu\/wp-json\/wp\/v2\/pages\/8233\/revisions"}],"predecessor-version":[{"id":9042,"href":"https:\/\/ospitalea.fr\/eu\/wp-json\/wp\/v2\/pages\/8233\/revisions\/9042"}],"up":[{"embeddable":true,"href":"https:\/\/ospitalea.fr\/eu\/wp-json\/wp\/v2\/pages\/8216"}],"wp:attachment":[{"href":"https:\/\/ospitalea.fr\/eu\/wp-json\/wp\/v2\/media?parent=8233"}],"curies":[{"name":"wp","href":"https:\/\/api.w.org\/{rel}","templated":true}]}}