{"id":8225,"date":"2021-02-03T09:22:43","date_gmt":"2021-02-03T08:22:43","guid":{"rendered":"http:\/\/ospitalea.fr\/?page_id=8225"},"modified":"2024-02-27T12:09:22","modified_gmt":"2024-02-27T11:09:22","slug":"mediateka","status":"publish","type":"page","link":"https:\/\/ospitalea.fr\/eu\/zerbitzuak\/mediateka\/","title":{"rendered":"Mediateka"},"content":{"rendered":"\t\t<div data-elementor-type=\"wp-page\" data-elementor-id=\"8225\" class=\"elementor elementor-8225 elementor-755\">\n\t\t\t\t\t\t<section class=\"elementor-section elementor-top-section elementor-element elementor-element-c5d4250 elementor-section-boxed elementor-section-height-default elementor-section-height-default\" data-id=\"c5d4250\" data-element_type=\"section\" data-settings=\"{&quot;background_background&quot;:&quot;classic&quot;}\">\n\t\t\t\t\t\t<div class=\"elementor-container elementor-column-gap-default\">\n\t\t\t\t\t<div class=\"elementor-column elementor-col-100 elementor-top-column elementor-element elementor-element-1c896ba\" data-id=\"1c896ba\" data-element_type=\"column\">\n\t\t\t<div class=\"elementor-widget-wrap elementor-element-populated\">\n\t\t\t\t\t\t<div class=\"elementor-element elementor-element-cc6a977 elementor-hidden-phone elementor-widget elementor-widget-heading\" data-id=\"cc6a977\" data-element_type=\"widget\" data-widget_type=\"heading.default\">\n\t\t\t\t<div class=\"elementor-widget-container\">\n\t\t\t<h1 class=\"elementor-heading-title elementor-size-default\">Iholdi-Oztibarreko mediateka<\/h1>\t\t<\/div>\n\t\t\t\t<\/div>\n\t\t\t\t<div class=\"elementor-element elementor-element-8dcc6a9 elementor-hidden-desktop elementor-hidden-tablet elementor-widget elementor-widget-heading\" data-id=\"8dcc6a9\" data-element_type=\"widget\" data-widget_type=\"heading.default\">\n\t\t\t\t<div class=\"elementor-widget-container\">\n\t\t\t<h1 class=\"elementor-heading-title elementor-size-default\">Iholdi-Oztibarreko mediateka<\/h1>\t\t<\/div>\n\t\t\t\t<\/div>\n\t\t\t\t<div class=\"elementor-element elementor-element-8671456 elementor-widget-divider--view-line elementor-widget elementor-widget-divider\" data-id=\"8671456\" data-element_type=\"widget\" data-widget_type=\"divider.default\">\n\t\t\t\t<div class=\"elementor-widget-container\">\n\t\t\t\t\t<div class=\"elementor-divider\">\n\t\t\t<span class=\"elementor-divider-separator\">\n\t\t\t\t\t\t<\/span>\n\t\t<\/div>\n\t\t\t\t<\/div>\n\t\t\t\t<\/div>\n\t\t\t\t<div class=\"elementor-element elementor-element-cf460be elementor-widget elementor-widget-text-editor\" data-id=\"cf460be\" data-element_type=\"widget\" data-widget_type=\"text-editor.default\">\n\t\t\t\t<div class=\"elementor-widget-container\">\n\t\t\t\t\t\t\t<p>Ospitalean kokatua da <strong>Iholdi-Oztibarreko mediateka.<\/strong><br \/>Euskal Hirigune Elkargoak du kudeatzen Pirinio Atlantikoetako Departamenduarekin partaidetzan. Mediatekak irakurketa publikoa sostengatzen du bere hiru guneetan eraman ekintzen bidez: Amikuzen, Garazi-Baigorrin eta Irisarrin. Hiru leku horiek programa komuna partekatzen dute eta irakurketa bultzatzen dute, jokoak eta obren ezagutzea.<\/p>\t\t\t\t\t\t<\/div>\n\t\t\t\t<\/div>\n\t\t\t\t\t<\/div>\n\t\t<\/div>\n\t\t\t\t\t<\/div>\n\t\t<\/section>\n\t\t\t\t<section class=\"elementor-section elementor-top-section elementor-element elementor-element-35049d4 elementor-section-boxed elementor-section-height-default elementor-section-height-default\" data-id=\"35049d4\" data-element_type=\"section\">\n\t\t\t\t\t\t<div class=\"elementor-container elementor-column-gap-default\">\n\t\t\t\t\t<div class=\"elementor-column elementor-col-100 elementor-top-column elementor-element elementor-element-3c1fc19\" data-id=\"3c1fc19\" data-element_type=\"column\">\n\t\t\t<div class=\"elementor-widget-wrap elementor-element-populated\">\n\t\t\t\t\t\t<div class=\"elementor-element elementor-element-8bb47d9 elementor-widget elementor-widget-spacer\" data-id=\"8bb47d9\" data-element_type=\"widget\" data-widget_type=\"spacer.default\">\n\t\t\t\t<div class=\"elementor-widget-container\">\n\t\t\t\t\t<div class=\"elementor-spacer\">\n\t\t\t<div class=\"elementor-spacer-inner\"><\/div>\n\t\t<\/div>\n\t\t\t\t<\/div>\n\t\t\t\t<\/div>\n\t\t\t\t\t<\/div>\n\t\t<\/div>\n\t\t\t\t\t<\/div>\n\t\t<\/section>\n\t\t\t\t<section class=\"elementor-section elementor-top-section elementor-element elementor-element-1da89c2 elementor-section-boxed elementor-section-height-default elementor-section-height-default\" data-id=\"1da89c2\" data-element_type=\"section\">\n\t\t\t\t\t\t<div class=\"elementor-container elementor-column-gap-default\">\n\t\t\t\t\t<div class=\"elementor-column elementor-col-50 elementor-top-column elementor-element elementor-element-7c74ea0\" data-id=\"7c74ea0\" data-element_type=\"column\">\n\t\t\t<div class=\"elementor-widget-wrap elementor-element-populated\">\n\t\t\t\t\t\t<div class=\"elementor-element elementor-element-c1a3768 elementor-view-default elementor-widget elementor-widget-icon\" data-id=\"c1a3768\" data-element_type=\"widget\" data-widget_type=\"icon.default\">\n\t\t\t\t<div class=\"elementor-widget-container\">\n\t\t\t\t\t<div class=\"elementor-icon-wrapper\">\n\t\t\t<div class=\"elementor-icon\">\n\t\t\t<i aria-hidden=\"true\" class=\"far fa-bell\"><\/i>\t\t\t<\/div>\n\t\t<\/div>\n\t\t\t\t<\/div>\n\t\t\t\t<\/div>\n\t\t\t\t\t<\/div>\n\t\t<\/div>\n\t\t\t\t<div class=\"elementor-column elementor-col-50 elementor-top-column elementor-element elementor-element-d304136\" data-id=\"d304136\" data-element_type=\"column\">\n\t\t\t<div class=\"elementor-widget-wrap elementor-element-populated\">\n\t\t\t\t\t\t<div class=\"elementor-element elementor-element-a362c2d elementor-widget elementor-widget-text-editor\" data-id=\"a362c2d\" data-element_type=\"widget\" data-widget_type=\"text-editor.default\">\n\t\t\t\t<div class=\"elementor-widget-container\">\n\t\t\t\t\t\t\t<p>Irisarriko mediateka idekia egoiten da lanen denboran usaiako egun eta orduetan.<\/p>\t\t\t\t\t\t<\/div>\n\t\t\t\t<\/div>\n\t\t\t\t\t<\/div>\n\t\t<\/div>\n\t\t\t\t\t<\/div>\n\t\t<\/section>\n\t\t\t\t<section class=\"elementor-section elementor-top-section elementor-element elementor-element-90d4d3d elementor-section-boxed elementor-section-height-default elementor-section-height-default\" data-id=\"90d4d3d\" data-element_type=\"section\">\n\t\t\t\t\t\t<div class=\"elementor-container elementor-column-gap-default\">\n\t\t\t\t\t<div class=\"elementor-column elementor-col-100 elementor-top-column elementor-element elementor-element-5a564a9\" data-id=\"5a564a9\" data-element_type=\"column\" data-settings=\"{&quot;background_background&quot;:&quot;classic&quot;}\">\n\t\t\t<div class=\"elementor-widget-wrap elementor-element-populated\">\n\t\t\t\t\t\t<div class=\"elementor-element elementor-element-3b261f4 elementor-widget elementor-widget-heading\" data-id=\"3b261f4\" data-element_type=\"widget\" data-widget_type=\"heading.default\">\n\t\t\t\t<div class=\"elementor-widget-container\">\n\t\t\t<h2 class=\"elementor-heading-title elementor-size-default\">Irakurle guziei irekia da\n<br \/>baita ere lurraldeko eskolei\n<\/h2>\t\t<\/div>\n\t\t\t\t<\/div>\n\t\t\t\t\t<\/div>\n\t\t<\/div>\n\t\t\t\t\t<\/div>\n\t\t<\/section>\n\t\t\t\t<section class=\"elementor-section elementor-top-section elementor-element elementor-element-036d37e elementor-section-boxed elementor-section-height-default elementor-section-height-default\" data-id=\"036d37e\" data-element_type=\"section\">\n\t\t\t\t\t\t<div class=\"elementor-container elementor-column-gap-default\">\n\t\t\t\t\t<div class=\"elementor-column elementor-col-50 elementor-top-column elementor-element elementor-element-fadf892\" data-id=\"fadf892\" data-element_type=\"column\">\n\t\t\t<div class=\"elementor-widget-wrap elementor-element-populated\">\n\t\t\t\t\t\t<div class=\"elementor-element elementor-element-640c8a3 elementor-widget elementor-widget-image\" data-id=\"640c8a3\" data-element_type=\"widget\" data-widget_type=\"image.default\">\n\t\t\t\t<div class=\"elementor-widget-container\">\n\t\t\t\t\t\t\t\t\t\t\t\t\t<img fetchpriority=\"high\" decoding=\"async\" width=\"572\" height=\"555\" src=\"https:\/\/ospitalea.fr\/wp-content\/uploads\/sites\/5\/2021\/08\/mediatheque572x555-2.jpg\" class=\"attachment-large size-large wp-image-7502\" alt=\"M\u00e9diath\u00e8que Iholdy-Oztibarre \u00e0 Ospitalea, commanderie \u00e0 Irissarry au Pays basque\" srcset=\"https:\/\/ospitalea.fr\/wp-content\/uploads\/sites\/5\/2021\/08\/mediatheque572x555-2.jpg 572w, https:\/\/ospitalea.fr\/wp-content\/uploads\/sites\/5\/2021\/08\/mediatheque572x555-2-300x291.jpg 300w\" sizes=\"(max-width: 572px) 100vw, 572px\" \/>\t\t\t\t\t\t\t\t\t\t\t\t\t<\/div>\n\t\t\t\t<\/div>\n\t\t\t\t\t<\/div>\n\t\t<\/div>\n\t\t\t\t<div class=\"elementor-column elementor-col-50 elementor-top-column elementor-element elementor-element-e42d9c4\" data-id=\"e42d9c4\" data-element_type=\"column\" data-settings=\"{&quot;background_background&quot;:&quot;classic&quot;}\">\n\t\t\t<div class=\"elementor-widget-wrap elementor-element-populated\">\n\t\t\t\t\t\t<div class=\"elementor-element elementor-element-a2fb849 elementor-position-left elementor-view-default elementor-mobile-position-top elementor-vertical-align-top elementor-widget elementor-widget-icon-box\" data-id=\"a2fb849\" data-element_type=\"widget\" data-widget_type=\"icon-box.default\">\n\t\t\t\t<div class=\"elementor-widget-container\">\n\t\t\t\t\t<div class=\"elementor-icon-box-wrapper\">\n\n\t\t\t\t\t\t<div class=\"elementor-icon-box-icon\">\n\t\t\t\t<span  class=\"elementor-icon elementor-animation-\">\n\t\t\t\t<i aria-hidden=\"true\" class=\"far fa-clock\"><\/i>\t\t\t\t<\/span>\n\t\t\t<\/div>\n\t\t\t\n\t\t\t\t\t\t<div class=\"elementor-icon-box-content\">\n\n\t\t\t\t\t\t\t\t\t<h3 class=\"elementor-icon-box-title\">\n\t\t\t\t\t\t<span  >\n\t\t\t\t\t\t\tIrekitze tenoreak\t\t\t\t\t\t<\/span>\n\t\t\t\t\t<\/h3>\n\t\t\t\t\n\t\t\t\t\n\t\t\t<\/div>\n\t\t\t\n\t\t<\/div>\n\t\t\t\t<\/div>\n\t\t\t\t<\/div>\n\t\t\t\t<div class=\"elementor-element elementor-element-e170e84 elementor-widget elementor-widget-text-editor\" data-id=\"e170e84\" data-element_type=\"widget\" data-widget_type=\"text-editor.default\">\n\t\t\t\t<div class=\"elementor-widget-container\">\n\t\t\t\t\t\t\t<p>Asteazken guziez: 13:30etik 17:30era<\/p><p>Ostiral guziez: 14:30etik 18:30era<\/p><p>Larunbat guziez: 9:30etik 12:30era<\/p>\t\t\t\t\t\t<\/div>\n\t\t\t\t<\/div>\n\t\t\t\t<div class=\"elementor-element elementor-element-b5bdcc9 elementor-position-left elementor-view-default elementor-mobile-position-top elementor-vertical-align-top elementor-widget elementor-widget-icon-box\" data-id=\"b5bdcc9\" data-element_type=\"widget\" data-widget_type=\"icon-box.default\">\n\t\t\t\t<div class=\"elementor-widget-container\">\n\t\t\t\t\t<div class=\"elementor-icon-box-wrapper\">\n\n\t\t\t\t\t\t<div class=\"elementor-icon-box-icon\">\n\t\t\t\t<span  class=\"elementor-icon elementor-animation-\">\n\t\t\t\t<i aria-hidden=\"true\" class=\"far fa-address-card\"><\/i>\t\t\t\t<\/span>\n\t\t\t<\/div>\n\t\t\t\n\t\t\t\t\t\t<div class=\"elementor-icon-box-content\">\n\n\t\t\t\t\t\t\t\t\t<h3 class=\"elementor-icon-box-title\">\n\t\t\t\t\t\t<span  >\n\t\t\t\t\t\t\tLiburuak mailegatzeko\t\t\t\t\t\t<\/span>\n\t\t\t\t\t<\/h3>\n\t\t\t\t\n\t\t\t\t\n\t\t\t<\/div>\n\t\t\t\n\t\t<\/div>\n\t\t\t\t<\/div>\n\t\t\t\t<\/div>\n\t\t\t\t<div class=\"elementor-element elementor-element-33cfef4 elementor-widget elementor-widget-text-editor\" data-id=\"33cfef4\" data-element_type=\"widget\" data-widget_type=\"text-editor.default\">\n\t\t\t\t<div class=\"elementor-widget-container\">\n\t\t\t\t\t\t\t<p>Izena ematea nahitaezkoa da<\/p>\t\t\t\t\t\t<\/div>\n\t\t\t\t<\/div>\n\t\t\t\t\t<\/div>\n\t\t<\/div>\n\t\t\t\t\t<\/div>\n\t\t<\/section>\n\t\t\t\t<section class=\"elementor-section elementor-top-section elementor-element elementor-element-dc15e81 elementor-section-boxed elementor-section-height-default elementor-section-height-default\" data-id=\"dc15e81\" data-element_type=\"section\">\n\t\t\t\t\t\t<div class=\"elementor-container elementor-column-gap-default\">\n\t\t\t\t\t<div class=\"elementor-column elementor-col-100 elementor-top-column elementor-element elementor-element-c75e584\" data-id=\"c75e584\" data-element_type=\"column\" data-settings=\"{&quot;background_background&quot;:&quot;classic&quot;}\">\n\t\t\t<div class=\"elementor-widget-wrap elementor-element-populated\">\n\t\t\t\t\t\t<div class=\"elementor-element elementor-element-f776da2 elementor-widget elementor-widget-text-editor\" data-id=\"f776da2\" data-element_type=\"widget\" data-widget_type=\"text-editor.default\">\n\t\t\t\t<div class=\"elementor-widget-container\">\n\t\t\t\t\t\t\t<ul><li><strong>Irakurketa publikoaren<\/strong> inguruko animazioak antolatuak dira urte osoan.<\/li><\/ul><p>\u00a0 \u00a0 \u00a0 \u00a0 \u00a0 \u00a0Bertan irakur daiteke, <strong>liburuak, CDak eta aldizkariak<\/strong> mailegatu. Denei irekia: ttipiei eta handiei. <br \/>\u00a0 \u00a0 \u00a0 \u00a0 \u00a0 \u00a0Mediatekan euskal historiari eta kulturari buruzko <strong>funtsa bada euskaraz eta frantsesez.<\/strong><\/p><ul><li><a href=\"https:\/\/www.mediateka-paysbasque.fr\/accueil\">Katalogoa linean<\/a> da.<\/li><li><strong>Bi ordenagailu<\/strong> badira kideek erabiltzen ahal dituztenak mediatekaren irekitze tenoreetan.<\/li><\/ul>\t\t\t\t\t\t<\/div>\n\t\t\t\t<\/div>\n\t\t\t\t\t<\/div>\n\t\t<\/div>\n\t\t\t\t\t<\/div>\n\t\t<\/section>\n\t\t\t\t<section class=\"elementor-section elementor-top-section elementor-element elementor-element-fdc6881 elementor-section-boxed elementor-section-height-default elementor-section-height-default\" data-id=\"fdc6881\" data-element_type=\"section\">\n\t\t\t\t\t\t<div class=\"elementor-container elementor-column-gap-default\">\n\t\t\t\t\t<div class=\"elementor-column elementor-col-100 elementor-top-column elementor-element elementor-element-c0c2f67\" data-id=\"c0c2f67\" data-element_type=\"column\">\n\t\t\t<div class=\"elementor-widget-wrap elementor-element-populated\">\n\t\t\t\t\t\t<div class=\"elementor-element elementor-element-b712231 elementor-view-default elementor-position-top elementor-mobile-position-top elementor-widget elementor-widget-icon-box\" data-id=\"b712231\" data-element_type=\"widget\" data-widget_type=\"icon-box.default\">\n\t\t\t\t<div class=\"elementor-widget-container\">\n\t\t\t\t\t<div class=\"elementor-icon-box-wrapper\">\n\n\t\t\t\t\t\t<div class=\"elementor-icon-box-icon\">\n\t\t\t\t<span  class=\"elementor-icon elementor-animation-\">\n\t\t\t\t<i aria-hidden=\"true\" class=\"fas fa-square-full\"><\/i>\t\t\t\t<\/span>\n\t\t\t<\/div>\n\t\t\t\n\t\t\t\t\t\t<div class=\"elementor-icon-box-content\">\n\n\t\t\t\t\t\t\t\t\t<h3 class=\"elementor-icon-box-title\">\n\t\t\t\t\t\t<span  >\n\t\t\t\t\t\t\tHarremana Ospitalean\t\t\t\t\t\t<\/span>\n\t\t\t\t\t<\/h3>\n\t\t\t\t\n\t\t\t\t\n\t\t\t<\/div>\n\t\t\t\n\t\t<\/div>\n\t\t\t\t<\/div>\n\t\t\t\t<\/div>\n\t\t\t\t<section class=\"elementor-section elementor-inner-section elementor-element elementor-element-33bf350 elementor-section-boxed elementor-section-height-default elementor-section-height-default\" data-id=\"33bf350\" data-element_type=\"section\">\n\t\t\t\t\t\t<div class=\"elementor-container elementor-column-gap-default\">\n\t\t\t\t\t<div class=\"elementor-column elementor-col-100 elementor-inner-column elementor-element elementor-element-0e078e0\" data-id=\"0e078e0\" data-element_type=\"column\">\n\t\t\t<div class=\"elementor-widget-wrap elementor-element-populated\">\n\t\t\t\t\t\t<div class=\"elementor-element elementor-element-73eb354 elementor-widget elementor-widget-text-editor\" data-id=\"73eb354\" data-element_type=\"widget\" data-widget_type=\"text-editor.default\">\n\t\t\t\t<div class=\"elementor-widget-container\">\n\t\t\t\t\t\t\t<p><strong>Val\u00e9rie HABONNEAU-VIGNAU<\/strong><\/p><p>Mediateka<\/p><p>OSPITALEA, Departamenduko Ondare Hezkuntzarako Zentroa<\/p><p>64780 Irissarry &#8211; 05 59 37 97 23<br \/><a href=\"mailto:mediatheque.iholdioztibarre@communaute-paysbasque.fr\">mediatheque.iholdioztibarre@communaute-paysbasque.fr<\/a><\/p>\t\t\t\t\t\t<\/div>\n\t\t\t\t<\/div>\n\t\t\t\t\t<\/div>\n\t\t<\/div>\n\t\t\t\t\t<\/div>\n\t\t<\/section>\n\t\t\t\t\t<\/div>\n\t\t<\/div>\n\t\t\t\t\t<\/div>\n\t\t<\/section>\n\t\t\t\t<\/div>\n\t\t","protected":false},"excerpt":{"rendered":"<p>Iholdi-Oztibarreko mediateka Iholdi-Oztibarreko mediateka Ospitalean kokatua da Iholdi-Oztibarreko mediateka.Euskal Hirigune Elkargoak du kudeatzen Pirinio Atlantikoetako Departamenduarekin partaidetzan. Mediatekak irakurketa publikoa sostengatzen du bere hiru guneetan eraman ekintzen bidez: Amikuzen, Garazi-Baigorrin eta Irisarrin. Hiru leku horiek programa komuna partekatzen dute eta irakurketa bultzatzen dute, jokoak eta obren ezagutzea. Irisarriko mediateka idekia egoiten da lanen denboran usaiako [&hellip;]<\/p>\n","protected":false},"author":7,"featured_media":0,"parent":8218,"menu_order":3,"comment_status":"closed","ping_status":"closed","template":"elementor_header_footer","meta":{"footnotes":""},"class_list":["post-8225","page","type-page","status-publish","hentry"],"acf":[],"yoast_head":"<!-- This site is optimized with the Yoast SEO plugin v23.5 - https:\/\/yoast.com\/wordpress\/plugins\/seo\/ -->\n<title>OSPITALEA | IRISARRIKO KOMANDERIAREN MEDIATEKA<\/title>\n<meta name=\"description\" content=\"Ezagutu ezazu Euskal Herriko Irisarriko Ospitalea komanderiaren Iholdi-Oztibarreko mediateka, Departamenduko Ondare Hezkuntzarako Zentroan.\" \/>\n<meta name=\"robots\" content=\"index, follow, max-snippet:-1, max-image-preview:large, max-video-preview:-1\" \/>\n<link rel=\"canonical\" href=\"https:\/\/ospitalea.fr\/eu\/zerbitzuak\/mediateka\/\" \/>\n<meta property=\"og:locale\" content=\"eu_ES\" \/>\n<meta property=\"og:type\" content=\"article\" \/>\n<meta property=\"og:title\" content=\"OSPITALEA | IRISARRIKO KOMANDERIAREN MEDIATEKA\" \/>\n<meta property=\"og:description\" content=\"Ezagutu ezazu Euskal Herriko Irisarriko Ospitalea komanderiaren Iholdi-Oztibarreko mediateka, Departamenduko Ondare Hezkuntzarako Zentroan.\" \/>\n<meta property=\"og:url\" content=\"https:\/\/ospitalea.fr\/eu\/zerbitzuak\/mediateka\/\" \/>\n<meta property=\"og:site_name\" content=\"ospitalea\" \/>\n<meta property=\"article:modified_time\" content=\"2024-02-27T11:09:22+00:00\" \/>\n<meta property=\"og:image\" content=\"https:\/\/ospitalea.fr\/wp-content\/uploads\/sites\/5\/2021\/08\/mediatheque572x555-2.jpg\" \/>\n<meta name=\"twitter:card\" content=\"summary_large_image\" \/>\n<meta name=\"twitter:label1\" content=\"Est. reading time\" \/>\n\t<meta name=\"twitter:data1\" content=\"2 minutes\" \/>\n<script type=\"application\/ld+json\" class=\"yoast-schema-graph\">{\"@context\":\"https:\/\/schema.org\",\"@graph\":[{\"@type\":\"WebPage\",\"@id\":\"https:\/\/ospitalea.fr\/eu\/zerbitzuak\/mediateka\/\",\"url\":\"https:\/\/ospitalea.fr\/eu\/zerbitzuak\/mediateka\/\",\"name\":\"OSPITALEA | IRISARRIKO KOMANDERIAREN MEDIATEKA\",\"isPartOf\":{\"@id\":\"https:\/\/ospitalea.fr\/#website\"},\"primaryImageOfPage\":{\"@id\":\"https:\/\/ospitalea.fr\/eu\/zerbitzuak\/mediateka\/#primaryimage\"},\"image\":{\"@id\":\"https:\/\/ospitalea.fr\/eu\/zerbitzuak\/mediateka\/#primaryimage\"},\"thumbnailUrl\":\"https:\/\/ospitalea.fr\/wp-content\/uploads\/sites\/5\/2021\/08\/mediatheque572x555-2.jpg\",\"datePublished\":\"2021-02-03T08:22:43+00:00\",\"dateModified\":\"2024-02-27T11:09:22+00:00\",\"description\":\"Ezagutu ezazu Euskal Herriko Irisarriko Ospitalea komanderiaren Iholdi-Oztibarreko mediateka, Departamenduko Ondare Hezkuntzarako Zentroan.\",\"breadcrumb\":{\"@id\":\"https:\/\/ospitalea.fr\/eu\/zerbitzuak\/mediateka\/#breadcrumb\"},\"inLanguage\":\"eu-ES\",\"potentialAction\":[{\"@type\":\"ReadAction\",\"target\":[\"https:\/\/ospitalea.fr\/eu\/zerbitzuak\/mediateka\/\"]}]},{\"@type\":\"ImageObject\",\"inLanguage\":\"eu-ES\",\"@id\":\"https:\/\/ospitalea.fr\/eu\/zerbitzuak\/mediateka\/#primaryimage\",\"url\":\"https:\/\/ospitalea.fr\/wp-content\/uploads\/sites\/5\/2021\/08\/mediatheque572x555-2.jpg\",\"contentUrl\":\"https:\/\/ospitalea.fr\/wp-content\/uploads\/sites\/5\/2021\/08\/mediatheque572x555-2.jpg\"},{\"@type\":\"BreadcrumbList\",\"@id\":\"https:\/\/ospitalea.fr\/eu\/zerbitzuak\/mediateka\/#breadcrumb\",\"itemListElement\":[{\"@type\":\"ListItem\",\"position\":1,\"name\":\"ZERBITZUAK\",\"item\":\"https:\/\/ospitalea.fr\/eu\/zerbitzuak\/\"},{\"@type\":\"ListItem\",\"position\":2,\"name\":\"Mediateka\"}]},{\"@type\":\"WebSite\",\"@id\":\"https:\/\/ospitalea.fr\/#website\",\"url\":\"https:\/\/ospitalea.fr\/\",\"name\":\"ospitalea\",\"description\":\"\",\"publisher\":{\"@id\":\"https:\/\/ospitalea.fr\/#organization\"},\"potentialAction\":[{\"@type\":\"SearchAction\",\"target\":{\"@type\":\"EntryPoint\",\"urlTemplate\":\"https:\/\/ospitalea.fr\/?s={search_term_string}\"},\"query-input\":{\"@type\":\"PropertyValueSpecification\",\"valueRequired\":true,\"valueName\":\"search_term_string\"}}],\"inLanguage\":\"eu-ES\"},{\"@type\":\"Organization\",\"@id\":\"https:\/\/ospitalea.fr\/#organization\",\"name\":\"ospitalea\",\"url\":\"https:\/\/ospitalea.fr\/\",\"logo\":{\"@type\":\"ImageObject\",\"inLanguage\":\"eu-ES\",\"@id\":\"https:\/\/ospitalea.fr\/#\/schema\/logo\/image\/\",\"url\":\"https:\/\/ospitalea.fr\/wp-content\/uploads\/sites\/5\/2022\/09\/OSPITALEA-LOGO0-1.png\",\"contentUrl\":\"https:\/\/ospitalea.fr\/wp-content\/uploads\/sites\/5\/2022\/09\/OSPITALEA-LOGO0-1.png\",\"width\":416,\"height\":120,\"caption\":\"ospitalea\"},\"image\":{\"@id\":\"https:\/\/ospitalea.fr\/#\/schema\/logo\/image\/\"}}]}<\/script>\n<!-- \/ Yoast SEO plugin. -->","yoast_head_json":{"title":"OSPITALEA | IRISARRIKO KOMANDERIAREN MEDIATEKA","description":"Ezagutu ezazu Euskal Herriko Irisarriko Ospitalea komanderiaren Iholdi-Oztibarreko mediateka, Departamenduko Ondare Hezkuntzarako Zentroan.","robots":{"index":"index","follow":"follow","max-snippet":"max-snippet:-1","max-image-preview":"max-image-preview:large","max-video-preview":"max-video-preview:-1"},"canonical":"https:\/\/ospitalea.fr\/eu\/zerbitzuak\/mediateka\/","og_locale":"eu_ES","og_type":"article","og_title":"OSPITALEA | IRISARRIKO KOMANDERIAREN MEDIATEKA","og_description":"Ezagutu ezazu Euskal Herriko Irisarriko Ospitalea komanderiaren Iholdi-Oztibarreko mediateka, Departamenduko Ondare Hezkuntzarako Zentroan.","og_url":"https:\/\/ospitalea.fr\/eu\/zerbitzuak\/mediateka\/","og_site_name":"ospitalea","article_modified_time":"2024-02-27T11:09:22+00:00","og_image":[{"url":"https:\/\/ospitalea.fr\/wp-content\/uploads\/sites\/5\/2021\/08\/mediatheque572x555-2.jpg"}],"twitter_card":"summary_large_image","twitter_misc":{"Est. reading time":"2 minutes"},"schema":{"@context":"https:\/\/schema.org","@graph":[{"@type":"WebPage","@id":"https:\/\/ospitalea.fr\/eu\/zerbitzuak\/mediateka\/","url":"https:\/\/ospitalea.fr\/eu\/zerbitzuak\/mediateka\/","name":"OSPITALEA | IRISARRIKO KOMANDERIAREN MEDIATEKA","isPartOf":{"@id":"https:\/\/ospitalea.fr\/#website"},"primaryImageOfPage":{"@id":"https:\/\/ospitalea.fr\/eu\/zerbitzuak\/mediateka\/#primaryimage"},"image":{"@id":"https:\/\/ospitalea.fr\/eu\/zerbitzuak\/mediateka\/#primaryimage"},"thumbnailUrl":"https:\/\/ospitalea.fr\/wp-content\/uploads\/sites\/5\/2021\/08\/mediatheque572x555-2.jpg","datePublished":"2021-02-03T08:22:43+00:00","dateModified":"2024-02-27T11:09:22+00:00","description":"Ezagutu ezazu Euskal Herriko Irisarriko Ospitalea komanderiaren Iholdi-Oztibarreko mediateka, Departamenduko Ondare Hezkuntzarako Zentroan.","breadcrumb":{"@id":"https:\/\/ospitalea.fr\/eu\/zerbitzuak\/mediateka\/#breadcrumb"},"inLanguage":"eu-ES","potentialAction":[{"@type":"ReadAction","target":["https:\/\/ospitalea.fr\/eu\/zerbitzuak\/mediateka\/"]}]},{"@type":"ImageObject","inLanguage":"eu-ES","@id":"https:\/\/ospitalea.fr\/eu\/zerbitzuak\/mediateka\/#primaryimage","url":"https:\/\/ospitalea.fr\/wp-content\/uploads\/sites\/5\/2021\/08\/mediatheque572x555-2.jpg","contentUrl":"https:\/\/ospitalea.fr\/wp-content\/uploads\/sites\/5\/2021\/08\/mediatheque572x555-2.jpg"},{"@type":"BreadcrumbList","@id":"https:\/\/ospitalea.fr\/eu\/zerbitzuak\/mediateka\/#breadcrumb","itemListElement":[{"@type":"ListItem","position":1,"name":"ZERBITZUAK","item":"https:\/\/ospitalea.fr\/eu\/zerbitzuak\/"},{"@type":"ListItem","position":2,"name":"Mediateka"}]},{"@type":"WebSite","@id":"https:\/\/ospitalea.fr\/#website","url":"https:\/\/ospitalea.fr\/","name":"ospitalea","description":"","publisher":{"@id":"https:\/\/ospitalea.fr\/#organization"},"potentialAction":[{"@type":"SearchAction","target":{"@type":"EntryPoint","urlTemplate":"https:\/\/ospitalea.fr\/?s={search_term_string}"},"query-input":{"@type":"PropertyValueSpecification","valueRequired":true,"valueName":"search_term_string"}}],"inLanguage":"eu-ES"},{"@type":"Organization","@id":"https:\/\/ospitalea.fr\/#organization","name":"ospitalea","url":"https:\/\/ospitalea.fr\/","logo":{"@type":"ImageObject","inLanguage":"eu-ES","@id":"https:\/\/ospitalea.fr\/#\/schema\/logo\/image\/","url":"https:\/\/ospitalea.fr\/wp-content\/uploads\/sites\/5\/2022\/09\/OSPITALEA-LOGO0-1.png","contentUrl":"https:\/\/ospitalea.fr\/wp-content\/uploads\/sites\/5\/2022\/09\/OSPITALEA-LOGO0-1.png","width":416,"height":120,"caption":"ospitalea"},"image":{"@id":"https:\/\/ospitalea.fr\/#\/schema\/logo\/image\/"}}]}},"_links":{"self":[{"href":"https:\/\/ospitalea.fr\/eu\/wp-json\/wp\/v2\/pages\/8225"}],"collection":[{"href":"https:\/\/ospitalea.fr\/eu\/wp-json\/wp\/v2\/pages"}],"about":[{"href":"https:\/\/ospitalea.fr\/eu\/wp-json\/wp\/v2\/types\/page"}],"author":[{"embeddable":true,"href":"https:\/\/ospitalea.fr\/eu\/wp-json\/wp\/v2\/users\/7"}],"replies":[{"embeddable":true,"href":"https:\/\/ospitalea.fr\/eu\/wp-json\/wp\/v2\/comments?post=8225"}],"version-history":[{"count":15,"href":"https:\/\/ospitalea.fr\/eu\/wp-json\/wp\/v2\/pages\/8225\/revisions"}],"predecessor-version":[{"id":11785,"href":"https:\/\/ospitalea.fr\/eu\/wp-json\/wp\/v2\/pages\/8225\/revisions\/11785"}],"up":[{"embeddable":true,"href":"https:\/\/ospitalea.fr\/eu\/wp-json\/wp\/v2\/pages\/8218"}],"wp:attachment":[{"href":"https:\/\/ospitalea.fr\/eu\/wp-json\/wp\/v2\/media?parent=8225"}],"curies":[{"name":"wp","href":"https:\/\/api.w.org\/{rel}","templated":true}]}}