{"id":8182,"date":"2022-01-07T08:32:56","date_gmt":"2022-01-07T07:32:56","guid":{"rendered":"http:\/\/ospitalea.fr\/?page_id=8182"},"modified":"2023-01-27T11:38:50","modified_gmt":"2023-01-27T10:38:50","slug":"legezko-informazioak","status":"publish","type":"page","link":"https:\/\/ospitalea.fr\/eu\/legezko-informazioak\/","title":{"rendered":"Legezko informazioak"},"content":{"rendered":"\t\t<div data-elementor-type=\"wp-page\" data-elementor-id=\"8182\" class=\"elementor elementor-8182 elementor-7807\">\n\t\t\t\t\t\t<section class=\"elementor-section elementor-top-section elementor-element elementor-element-67e60fa elementor-hidden-phone elementor-section-boxed elementor-section-height-default elementor-section-height-default\" data-id=\"67e60fa\" data-element_type=\"section\">\n\t\t\t\t\t\t<div class=\"elementor-container elementor-column-gap-default\">\n\t\t\t\t\t<div class=\"elementor-column elementor-col-100 elementor-top-column elementor-element elementor-element-0350118\" data-id=\"0350118\" data-element_type=\"column\">\n\t\t\t<div class=\"elementor-widget-wrap elementor-element-populated\">\n\t\t\t\t\t\t<div class=\"elementor-element elementor-element-8a6b6ea elementor-hidden-phone elementor-widget elementor-widget-heading\" data-id=\"8a6b6ea\" data-element_type=\"widget\" data-widget_type=\"heading.default\">\n\t\t\t\t<div class=\"elementor-widget-container\">\n\t\t\t<h1 class=\"elementor-heading-title elementor-size-default\">Legezko informazioak\n<\/h1>\t\t<\/div>\n\t\t\t\t<\/div>\n\t\t\t\t<div class=\"elementor-element elementor-element-403baaa elementor-hidden-desktop elementor-hidden-tablet elementor-widget elementor-widget-heading\" data-id=\"403baaa\" data-element_type=\"widget\" data-widget_type=\"heading.default\">\n\t\t\t\t<div class=\"elementor-widget-container\">\n\t\t\t<h1 class=\"elementor-heading-title elementor-size-default\">Mentions l\u00e9gales<\/h1>\t\t<\/div>\n\t\t\t\t<\/div>\n\t\t\t\t\t<\/div>\n\t\t<\/div>\n\t\t\t\t\t<\/div>\n\t\t<\/section>\n\t\t\t\t<section class=\"elementor-section elementor-top-section elementor-element elementor-element-88cce28 elementor-section-boxed elementor-section-height-default elementor-section-height-default\" data-id=\"88cce28\" data-element_type=\"section\">\n\t\t\t\t\t\t<div class=\"elementor-container elementor-column-gap-default\">\n\t\t\t\t\t<div class=\"elementor-column elementor-col-100 elementor-top-column elementor-element elementor-element-c314f99\" data-id=\"c314f99\" data-element_type=\"column\">\n\t\t\t<div class=\"elementor-widget-wrap elementor-element-populated\">\n\t\t\t\t\t\t<div class=\"elementor-element elementor-element-792a107 elementor-widget elementor-widget-text-editor\" data-id=\"792a107\" data-element_type=\"widget\" data-widget_type=\"text-editor.default\">\n\t\t\t\t<div class=\"elementor-widget-container\">\n\t\t\t\t\t\t\t<p>Conform\u00e9ment \u00e0 l\u2019article 6 de la loi du 21 juin 2004, pour la confiance dans l\u2019\u00e9conomie num\u00e9rique nous vous informons que ce service de communication au public en ligne est mis en place par :<\/p>\n<p><b>DIRECTEUR DE LA PUBLICATION<\/b><br>Le pr\u00e9sent site <a href=\"https:\/\/www.ospitalea.com\/\" target=\"_blank\" rel=\"noopener\">https:\/\/www.ospitalea.com\/ <\/a>est la propri\u00e9t\u00e9 du D\u00e9partement des Pyr\u00e9n\u00e9es Atlantiques \/ CDEP Ospitalea.<br>Directeur de la publication : La responsable du C.D.E.P. Ospitalea<\/p>\n<p><b>H\u00c9BERGEMENT<\/b><br>Le stockage direct et permanent du site est assur\u00e9 par le serveur ADITU de l\u2019AaDT B\u00e9arn Pays basque.<br><br><b>R\u00c9ALISATION<\/b><br>Agence d\u2019attractivit\u00e9 et de D\u00e9veloppement Touristique B\u00e9arn Pays basque \u2013 2021<br><br><b>Protection des donn\u00e9es personnelles \u2013 RGPD :<\/b><br><br>D\u00e9partement des Pyr\u00e9n\u00e9es Atlantiques \/ CDEP Ospitalea est susceptible de traiter vos donn\u00e9es \u00e0 caract\u00e8re personnel conform\u00e9ment \u00e0 la r\u00e9glementation applicable et \u00e0 la politique de protection des donn\u00e9es \u00e0 caract\u00e8re personnel de ses clients, partenaires et prospects accessible ici.<br><br>Si vous avez des questions \u00e0 propos de notre Politique de Confidentialit\u00e9 ou du traitement de vos donn\u00e9es personnelles, contactez notre responsable de la protection des donn\u00e9es par courrier \u00e0 l\u2019adresse susvis\u00e9e ou par mail \u00e0 l\u2019adresse rgpd@tourisme64.com.<br><br><b>Donn\u00e9es touristiques<\/b><br>Le SIRTAQUI est le Syst\u00e8me d\u2019Information R\u00e9gional Touristique d\u2019AQUItaine. Les informations sur les h\u00e9bergements, les activit\u00e9s et les loisirs, le patrimoine, les restaurants et les f\u00eates et manifestations sont collect\u00e9es par un r\u00e9seau de partenaires et consolid\u00e9es dans une base de donn\u00e9es commune r\u00e9pondant \u00e0 des exigences de qualit\u00e9 dans la collecte, la saisie, la mise en forme, la v\u00e9rification et la diffusion des informations. Cofinanc\u00e9 par l\u2019Europe, la R\u00e9gion et les d\u00e9partements, pilot\u00e9 par le Comit\u00e9 R\u00e9gional du Tourisme d\u2019Aquitaine, le dispositif rassemble les Comit\u00e9s D\u00e9partementaux du Tourisme de la Dordogne, de la Gironde, des Landes, du Lot-et-Garonne et l\u2019Agence d\u2019attractivit\u00e9 et de D\u00e9veloppement Touristiques du B\u00e9arn Pays basque. Ces derniers organisent et g\u00e8rent leur r\u00e9seau d\u00e9partemental.<br><br><b>Politique de Cookies<\/b><br>Qu\u2019est-ce qu\u2019un cookie ? Les cookies sont de petits fichiers d\u00e9pos\u00e9s sur votre ordinateur le temps de votre visite sur notre site internet. Ces fichiers contiennent des informations que le site internet utilise pour rendre la communication entre vous et votre navigateur plus efficace.<br><br><b>Pourquoi utilisons-nous des cookies ?<\/b><br>Le site Ospitalea utilise des cookies pour l\u2019analyse statistique du comportement de l\u2019ensemble de ses utilisateurs. Le site utilise \u00e9galement des cookies pour le stockage de certains param\u00e8tres de recherche et de g\u00e9olocalisation dans un soucis d\u2019am\u00e9lioration de l\u2019exp\u00e9rience utilisateur.<br>Si vous avez un compte et que vous vous connectez sur ce site, un cookie temporaire sera cr\u00e9\u00e9 afin de d\u00e9terminer si votre navigateur accepte les cookies. Il ne contient pas de donn\u00e9es personnelles et sera supprim\u00e9 automatiquement \u00e0 la fermeture de votre navigateur.<br>Lorsque vous vous connecterez, nous mettrons en place un certain nombre de cookies pour enregistrer vos informations de connexion et vos pr\u00e9f\u00e9rences d\u2019\u00e9cran. La dur\u00e9e de vie d\u2019un cookie de connexion est de deux jours, celle d\u2019un cookie d\u2019option d\u2019\u00e9cran est d\u2019un an. Si vous cochez \u00ab Se souvenir de moi \u00bb, votre cookie de connexion sera conserv\u00e9 pendant deux semaines. Si vous vous d\u00e9connectez de votre compte, le cookie de connexion sera effac\u00e9.<br>En modifiant ou en publiant un article, un cookie suppl\u00e9mentaire sera enregistr\u00e9 dans votre navigateur. Ce cookie ne comprend aucune donn\u00e9e personnelle. Il indique simplement l\u2019identifiant de l\u2019article que vous venez de modifier. Il expire au bout d\u2019un jour.<br><br><b>Quels sont les cookies utilis\u00e9s sur notre site ?<\/b><br>Cookies de tiers :<br>\u2022 Google Analytics : Ce site utilise les services d\u2019analyse web Google Analytics de la soci\u00e9t\u00e9 Google In. (\u00ab Google \u00bb).<br>o Conditions G\u00e9n\u00e9rales consultables sur <a href=\"https:\/\/www.google.com\/analytics\/terms\/\" target=\"_blank\">https:\/\/www.google.com\/analytics\/terms\/<\/a><br>o Politique de confidentialit\u00e9 consultable sur <a href=\"https:\/\/policies.google.com\/privacy?hl=fr\" target=\"_blank\">https:\/\/policies.google.com\/privacy?hl=fr<\/a><br>o Donn\u00e9es collect\u00e9es: Pages visit\u00e9es, clics sur des rubriques particuli\u00e8res, origine de la visite (campagne marketing, Google\u2026), infos sur les recherches.<br>o Finalit\u00e9: Analyse du comportement des utilisateurs par rapport aux param\u00e8tres indiqu\u00e9s \u00e0 l\u2019aide des donn\u00e9es collect\u00e9es gr\u00e2ce aux cookies.<br>o D\u00e9sactivation: en cliquant sur \u00ab Gestion des services \u00bb, en configurant votre navigateur (*) ou gr\u00e2ce au plugin suivant <a href=\"https:\/\/tools.google.com\/dlpage\/gaoptout\" target=\"_blank\">https:\/\/tools.google.com\/dlpage\/gaoptout<\/a><br>\u2022 Open Street Map : pour l\u2019utilisation et l\u2019affichage de cartes sur le site internet. La politique de confidentialit\u00e9 est visible \u00e0 cette adresse : <a href=\"https:\/\/wiki.osmfoundation.org\/wiki\/Privacy_Policy\" target=\"_blank\">https:\/\/wiki.osmfoundation.org\/wiki\/Privacy_Policy<\/a><br>Comment g\u00e9rer les cookies ? Vous pouvez \u00e0 tout moment d\u00e9sactiver l\u2019utilisation des cookies en cliquant en bas \u00e0 gauche sur \u00ab Gestion des services \u00bb, ou en modifiant les param\u00e8tres de votre navigateur. Si vous d\u00e9sactivez ces cookies, le site web pourra continuer \u00e0 fonctionner. Toutefois, votre attention est attir\u00e9e sur le fait que les informations collect\u00e9es gr\u00e2ce \u00e0 ces outils nous permettent d\u2019am\u00e9liorer nos services. (*) Vous pouvez \u00e0 tout moment d\u00e9sactiver les cookies dans les param\u00e8tres de votre navigateur :<br>\u2022 Chrome : <a href=\"https:\/\/support.google.com\/chrome\/answer\/95647?hl=fr\" target=\"_blank\">https:\/\/support.google.com\/chrome\/answer\/95647?hl=fr<\/a><br>\u2022 Internet Explorer : <a href=\"https:\/\/support.microsoft.com\/fr-fr\/help\/17442\/windows-internet-explorer-delete-manage-cookies\" target=\"_blank\">https:\/\/support.microsoft.com\/fr-fr\/help\/17442\/windows-internet-explorer-delete-manage-cookies<\/a><br>\u2022 Firefox : <a href=\"https:\/\/support.microsoft.com\/fr-fr\/help\/17442\/windows-internet-explorer-delete-manage-cookies\" target=\"_blank\">support.mozilla.org\/fr\/kb\/activer-desactiver-cookies-preferences<\/a><br>\u2022 Safari : <a href=\"https:\/\/support.apple.com\/fr-fr\/guide\/safari\/sfri11471\/mac\" target=\"_blank\">https:\/\/support.apple.com\/fr-fr\/guide\/safari\/sfri11471\/mac<br><\/a><br><b>Loi applicable<\/b><br>L\u2019utilisation de ce site, et des services, est r\u00e9gie par la loi fran\u00e7aise, \u00e0 l\u2019exception de toute autre l\u00e9gislation, quel que soit le lieu d\u2019utilisation. Tout litige sera de la comp\u00e9tence du tribunal du si\u00e8ge social de D\u00e9partement des Pyr\u00e9n\u00e9es Atlantiques.<br><br><b>Mise \u00e0 jour<\/b><br>Le D\u00e9partement des Pyr\u00e9n\u00e9es Atlantiques \/ CDEP Ospitalea se r\u00e9serve le droit de mettre \u00e0 jour la pr\u00e9sente notice l\u00e9gale \u00e0 tout moment. Le D\u00e9partement des Pyr\u00e9n\u00e9es Atlantiques \/ CDEP Ospitalea invite donc tout utilisateur \u00e0 visiter cette page lors de chaque consultation du site afin d\u2019en prendre connaissance.<\/p>\t\t\t\t\t\t<\/div>\n\t\t\t\t<\/div>\n\t\t\t\t\t<\/div>\n\t\t<\/div>\n\t\t\t\t\t<\/div>\n\t\t<\/section>\n\t\t\t\t<\/div>\n\t\t","protected":false},"excerpt":{"rendered":"<p>Legezko informazioak Mentions l\u00e9gales Conform\u00e9ment \u00e0 l\u2019article 6 de la loi du 21 juin 2004, pour la confiance dans l\u2019\u00e9conomie num\u00e9rique nous vous informons que ce service de communication au public en ligne est mis en place par : DIRECTEUR DE LA PUBLICATION Le pr\u00e9sent site https:\/\/www.ospitalea.com\/ est la propri\u00e9t\u00e9 du D\u00e9partement des Pyr\u00e9n\u00e9es Atlantiques [&hellip;]<\/p>\n","protected":false},"author":7,"featured_media":0,"parent":0,"menu_order":0,"comment_status":"closed","ping_status":"closed","template":"","meta":{"footnotes":""},"class_list":["post-8182","page","type-page","status-publish","hentry"],"acf":[],"yoast_head":"<!-- This site is optimized with the Yoast SEO plugin v23.5 - https:\/\/yoast.com\/wordpress\/plugins\/seo\/ -->\n<title>Legezko informazioak - ospitalea<\/title>\n<meta name=\"robots\" content=\"index, follow, max-snippet:-1, max-image-preview:large, max-video-preview:-1\" \/>\n<link rel=\"canonical\" href=\"https:\/\/ospitalea.fr\/eu\/legezko-informazioak\/\" \/>\n<meta property=\"og:locale\" content=\"eu_ES\" \/>\n<meta property=\"og:type\" content=\"article\" \/>\n<meta property=\"og:title\" content=\"Legezko informazioak - ospitalea\" \/>\n<meta property=\"og:description\" content=\"Legezko informazioak Mentions l\u00e9gales Conform\u00e9ment \u00e0 l\u2019article 6 de la loi du 21 juin 2004, pour la confiance dans l\u2019\u00e9conomie num\u00e9rique nous vous informons que ce service de communication au public en ligne est mis en place par : DIRECTEUR DE LA PUBLICATION Le pr\u00e9sent site https:\/\/www.ospitalea.com\/ est la propri\u00e9t\u00e9 du D\u00e9partement des Pyr\u00e9n\u00e9es Atlantiques [&hellip;]\" \/>\n<meta property=\"og:url\" content=\"https:\/\/ospitalea.fr\/eu\/legezko-informazioak\/\" \/>\n<meta property=\"og:site_name\" content=\"ospitalea\" \/>\n<meta property=\"article:modified_time\" content=\"2023-01-27T10:38:50+00:00\" \/>\n<meta name=\"twitter:card\" content=\"summary_large_image\" \/>\n<meta name=\"twitter:label1\" content=\"Est. reading time\" \/>\n\t<meta name=\"twitter:data1\" content=\"5 minutes\" \/>\n<script type=\"application\/ld+json\" class=\"yoast-schema-graph\">{\"@context\":\"https:\/\/schema.org\",\"@graph\":[{\"@type\":\"WebPage\",\"@id\":\"https:\/\/ospitalea.fr\/eu\/legezko-informazioak\/\",\"url\":\"https:\/\/ospitalea.fr\/eu\/legezko-informazioak\/\",\"name\":\"Legezko informazioak - ospitalea\",\"isPartOf\":{\"@id\":\"https:\/\/ospitalea.fr\/#website\"},\"datePublished\":\"2022-01-07T07:32:56+00:00\",\"dateModified\":\"2023-01-27T10:38:50+00:00\",\"inLanguage\":\"eu-ES\",\"potentialAction\":[{\"@type\":\"ReadAction\",\"target\":[\"https:\/\/ospitalea.fr\/eu\/legezko-informazioak\/\"]}]},{\"@type\":\"WebSite\",\"@id\":\"https:\/\/ospitalea.fr\/#website\",\"url\":\"https:\/\/ospitalea.fr\/\",\"name\":\"ospitalea\",\"description\":\"\",\"publisher\":{\"@id\":\"https:\/\/ospitalea.fr\/#organization\"},\"potentialAction\":[{\"@type\":\"SearchAction\",\"target\":{\"@type\":\"EntryPoint\",\"urlTemplate\":\"https:\/\/ospitalea.fr\/?s={search_term_string}\"},\"query-input\":{\"@type\":\"PropertyValueSpecification\",\"valueRequired\":true,\"valueName\":\"search_term_string\"}}],\"inLanguage\":\"eu-ES\"},{\"@type\":\"Organization\",\"@id\":\"https:\/\/ospitalea.fr\/#organization\",\"name\":\"ospitalea\",\"url\":\"https:\/\/ospitalea.fr\/\",\"logo\":{\"@type\":\"ImageObject\",\"inLanguage\":\"eu-ES\",\"@id\":\"https:\/\/ospitalea.fr\/#\/schema\/logo\/image\/\",\"url\":\"https:\/\/ospitalea.fr\/wp-content\/uploads\/sites\/5\/2022\/09\/OSPITALEA-LOGO0-1.png\",\"contentUrl\":\"https:\/\/ospitalea.fr\/wp-content\/uploads\/sites\/5\/2022\/09\/OSPITALEA-LOGO0-1.png\",\"width\":416,\"height\":120,\"caption\":\"ospitalea\"},\"image\":{\"@id\":\"https:\/\/ospitalea.fr\/#\/schema\/logo\/image\/\"}}]}<\/script>\n<!-- \/ Yoast SEO plugin. -->","yoast_head_json":{"title":"Legezko informazioak - ospitalea","robots":{"index":"index","follow":"follow","max-snippet":"max-snippet:-1","max-image-preview":"max-image-preview:large","max-video-preview":"max-video-preview:-1"},"canonical":"https:\/\/ospitalea.fr\/eu\/legezko-informazioak\/","og_locale":"eu_ES","og_type":"article","og_title":"Legezko informazioak - ospitalea","og_description":"Legezko informazioak Mentions l\u00e9gales Conform\u00e9ment \u00e0 l\u2019article 6 de la loi du 21 juin 2004, pour la confiance dans l\u2019\u00e9conomie num\u00e9rique nous vous informons que ce service de communication au public en ligne est mis en place par : DIRECTEUR DE LA PUBLICATION Le pr\u00e9sent site https:\/\/www.ospitalea.com\/ est la propri\u00e9t\u00e9 du D\u00e9partement des Pyr\u00e9n\u00e9es Atlantiques [&hellip;]","og_url":"https:\/\/ospitalea.fr\/eu\/legezko-informazioak\/","og_site_name":"ospitalea","article_modified_time":"2023-01-27T10:38:50+00:00","twitter_card":"summary_large_image","twitter_misc":{"Est. reading time":"5 minutes"},"schema":{"@context":"https:\/\/schema.org","@graph":[{"@type":"WebPage","@id":"https:\/\/ospitalea.fr\/eu\/legezko-informazioak\/","url":"https:\/\/ospitalea.fr\/eu\/legezko-informazioak\/","name":"Legezko informazioak - ospitalea","isPartOf":{"@id":"https:\/\/ospitalea.fr\/#website"},"datePublished":"2022-01-07T07:32:56+00:00","dateModified":"2023-01-27T10:38:50+00:00","inLanguage":"eu-ES","potentialAction":[{"@type":"ReadAction","target":["https:\/\/ospitalea.fr\/eu\/legezko-informazioak\/"]}]},{"@type":"WebSite","@id":"https:\/\/ospitalea.fr\/#website","url":"https:\/\/ospitalea.fr\/","name":"ospitalea","description":"","publisher":{"@id":"https:\/\/ospitalea.fr\/#organization"},"potentialAction":[{"@type":"SearchAction","target":{"@type":"EntryPoint","urlTemplate":"https:\/\/ospitalea.fr\/?s={search_term_string}"},"query-input":{"@type":"PropertyValueSpecification","valueRequired":true,"valueName":"search_term_string"}}],"inLanguage":"eu-ES"},{"@type":"Organization","@id":"https:\/\/ospitalea.fr\/#organization","name":"ospitalea","url":"https:\/\/ospitalea.fr\/","logo":{"@type":"ImageObject","inLanguage":"eu-ES","@id":"https:\/\/ospitalea.fr\/#\/schema\/logo\/image\/","url":"https:\/\/ospitalea.fr\/wp-content\/uploads\/sites\/5\/2022\/09\/OSPITALEA-LOGO0-1.png","contentUrl":"https:\/\/ospitalea.fr\/wp-content\/uploads\/sites\/5\/2022\/09\/OSPITALEA-LOGO0-1.png","width":416,"height":120,"caption":"ospitalea"},"image":{"@id":"https:\/\/ospitalea.fr\/#\/schema\/logo\/image\/"}}]}},"_links":{"self":[{"href":"https:\/\/ospitalea.fr\/eu\/wp-json\/wp\/v2\/pages\/8182"}],"collection":[{"href":"https:\/\/ospitalea.fr\/eu\/wp-json\/wp\/v2\/pages"}],"about":[{"href":"https:\/\/ospitalea.fr\/eu\/wp-json\/wp\/v2\/types\/page"}],"author":[{"embeddable":true,"href":"https:\/\/ospitalea.fr\/eu\/wp-json\/wp\/v2\/users\/7"}],"replies":[{"embeddable":true,"href":"https:\/\/ospitalea.fr\/eu\/wp-json\/wp\/v2\/comments?post=8182"}],"version-history":[{"count":11,"href":"https:\/\/ospitalea.fr\/eu\/wp-json\/wp\/v2\/pages\/8182\/revisions"}],"predecessor-version":[{"id":9899,"href":"https:\/\/ospitalea.fr\/eu\/wp-json\/wp\/v2\/pages\/8182\/revisions\/9899"}],"wp:attachment":[{"href":"https:\/\/ospitalea.fr\/eu\/wp-json\/wp\/v2\/media?parent=8182"}],"curies":[{"name":"wp","href":"https:\/\/api.w.org\/{rel}","templated":true}]}}